{"id":59716,"date":"2025-01-20T11:59:44","date_gmt":"2025-01-20T10:59:44","guid":{"rendered":"https:\/\/mobili.cbmtunisie.com.tn\/product\/chaise-wind-shape-blanc\/"},"modified":"2025-06-30T10:51:42","modified_gmt":"2025-06-30T08:51:42","slug":"wind-white-chair","status":"publish","type":"product","link":"https:\/\/mobili.cbmtunisie.com.tn\/en\/product\/wind-white-chair\/","title":{"rendered":"WIND WHITE CHAIR"},"content":{"rendered":"","protected":false},"excerpt":{"rendered":"<p>Wind chair in white, made of polypropylene with fiberglass, suitable for indoor and outdoor use.<\/p>\n","protected":false},"featured_media":58260,"template":"","meta":[],"product_cat":[252],"product_tag":[],"class_list":{"0":"post-59716","1":"product","2":"type-product","3":"status-publish","4":"has-post-thumbnail","6":"product_cat-chairs","8":"first","9":"instock","10":"shipping-taxable","11":"product-type-simple","12":"add-to-wishlist-before_image"},"yoast_head":"<!-- This site is optimized with the Yoast SEO plugin v24.5 - https:\/\/yoast.com\/wordpress\/plugins\/seo\/ -->\n<title>WIND WHITE CHAIR | Maison CBM<\/title>\n<meta name=\"description\" content=\"Wind chair in white, made of polypropylene with fiberglass, suitable for indoor and outdoor use.\" \/>\n<meta name=\"robots\" content=\"index, follow, max-snippet:-1, max-image-preview:large, max-video-preview:-1\" \/>\n<link rel=\"canonical\" href=\"https:\/\/mobili.cbmtunisie.com.tn\/en\/product\/wind-white-chair\/\" \/>\n<meta property=\"og:locale\" content=\"en_US\" \/>\n<meta property=\"og:type\" content=\"article\" \/>\n<meta property=\"og:title\" content=\"WIND WHITE CHAIR | Maison CBM\" \/>\n<meta property=\"og:description\" content=\"Wind chair in white, made of polypropylene with fiberglass, suitable for indoor and outdoor use.\" \/>\n<meta property=\"og:url\" content=\"https:\/\/mobili.cbmtunisie.com.tn\/en\/product\/wind-white-chair\/\" \/>\n<meta property=\"og:site_name\" content=\"Maison CBM\" \/>\n<meta property=\"article:publisher\" content=\"https:\/\/www.facebook.com\/CBM.TUNISIE\/?ref=page_internal\" \/>\n<meta property=\"article:modified_time\" content=\"2025-06-30T08:51:42+00:00\" \/>\n<meta property=\"og:image\" content=\"https:\/\/mobili.cbmtunisie.com.tn\/wp-content\/uploads\/2025\/01\/WIND-2.jpg\" \/>\n\t<meta property=\"og:image:width\" content=\"800\" \/>\n\t<meta property=\"og:image:height\" content=\"800\" \/>\n\t<meta property=\"og:image:type\" content=\"image\/jpeg\" \/>\n<meta name=\"twitter:card\" content=\"summary_large_image\" \/>\n<meta name=\"twitter:label1\" content=\"Est. reading time\" \/>\n\t<meta name=\"twitter:data1\" content=\"1 minute\" \/>\n<script type=\"application\/ld+json\" class=\"yoast-schema-graph\">{\"@context\":\"https:\/\/schema.org\",\"@graph\":[{\"@type\":\"WebPage\",\"@id\":\"https:\/\/mobili.cbmtunisie.com.tn\/en\/product\/wind-white-chair\/\",\"url\":\"https:\/\/mobili.cbmtunisie.com.tn\/en\/product\/wind-white-chair\/\",\"name\":\"WIND WHITE CHAIR | Maison CBM\",\"isPartOf\":{\"@id\":\"https:\/\/mobili.cbmtunisie.com.tn\/#website\"},\"primaryImageOfPage\":{\"@id\":\"https:\/\/mobili.cbmtunisie.com.tn\/en\/product\/wind-white-chair\/#primaryimage\"},\"image\":{\"@id\":\"https:\/\/mobili.cbmtunisie.com.tn\/en\/product\/wind-white-chair\/#primaryimage\"},\"thumbnailUrl\":\"https:\/\/mobili.cbmtunisie.com.tn\/wp-content\/uploads\/2025\/01\/WIND-2.jpg\",\"datePublished\":\"2025-01-20T10:59:44+00:00\",\"dateModified\":\"2025-06-30T08:51:42+00:00\",\"description\":\"Wind chair in white, made of polypropylene with fiberglass, suitable for indoor and outdoor use.\",\"breadcrumb\":{\"@id\":\"https:\/\/mobili.cbmtunisie.com.tn\/en\/product\/wind-white-chair\/#breadcrumb\"},\"inLanguage\":\"en-US\",\"potentialAction\":[{\"@type\":\"ReadAction\",\"target\":[\"https:\/\/mobili.cbmtunisie.com.tn\/en\/product\/wind-white-chair\/\"]}]},{\"@type\":\"ImageObject\",\"inLanguage\":\"en-US\",\"@id\":\"https:\/\/mobili.cbmtunisie.com.tn\/en\/product\/wind-white-chair\/#primaryimage\",\"url\":\"https:\/\/mobili.cbmtunisie.com.tn\/wp-content\/uploads\/2025\/01\/WIND-2.jpg\",\"contentUrl\":\"https:\/\/mobili.cbmtunisie.com.tn\/wp-content\/uploads\/2025\/01\/WIND-2.jpg\",\"width\":800,\"height\":800},{\"@type\":\"BreadcrumbList\",\"@id\":\"https:\/\/mobili.cbmtunisie.com.tn\/en\/product\/wind-white-chair\/#breadcrumb\",\"itemListElement\":[{\"@type\":\"ListItem\",\"position\":1,\"name\":\"Accueil\",\"item\":\"https:\/\/mobili.cbmtunisie.com.tn\/en\/\"},{\"@type\":\"ListItem\",\"position\":2,\"name\":\"Nos produits\",\"item\":\"https:\/\/mobili.cbmtunisie.com.tn\/shop\/\"},{\"@type\":\"ListItem\",\"position\":3,\"name\":\"WIND WHITE CHAIR\"}]},{\"@type\":\"WebSite\",\"@id\":\"https:\/\/mobili.cbmtunisie.com.tn\/#website\",\"url\":\"https:\/\/mobili.cbmtunisie.com.tn\/\",\"name\":\"Maison CBM\",\"description\":\"Le partenaire de vos ext\u00e9rieurs \u00e9l\u00e9gants !\",\"publisher\":{\"@id\":\"https:\/\/mobili.cbmtunisie.com.tn\/#organization\"},\"potentialAction\":[{\"@type\":\"SearchAction\",\"target\":{\"@type\":\"EntryPoint\",\"urlTemplate\":\"https:\/\/mobili.cbmtunisie.com.tn\/?s={search_term_string}\"},\"query-input\":{\"@type\":\"PropertyValueSpecification\",\"valueRequired\":true,\"valueName\":\"search_term_string\"}}],\"inLanguage\":\"en-US\"},{\"@type\":\"Organization\",\"@id\":\"https:\/\/mobili.cbmtunisie.com.tn\/#organization\",\"name\":\"Maison CBM\",\"url\":\"https:\/\/mobili.cbmtunisie.com.tn\/\",\"logo\":{\"@type\":\"ImageObject\",\"inLanguage\":\"en-US\",\"@id\":\"https:\/\/mobili.cbmtunisie.com.tn\/#\/schema\/logo\/image\/\",\"url\":\"https:\/\/mobili.cbmtunisie.com.tn\/wp-content\/uploads\/2024\/06\/cropped-logo-maison.png\",\"contentUrl\":\"https:\/\/mobili.cbmtunisie.com.tn\/wp-content\/uploads\/2024\/06\/cropped-logo-maison.png\",\"width\":510,\"height\":343,\"caption\":\"Maison CBM\"},\"image\":{\"@id\":\"https:\/\/mobili.cbmtunisie.com.tn\/#\/schema\/logo\/image\/\"},\"sameAs\":[\"https:\/\/www.facebook.com\/CBM.TUNISIE\/?ref=page_internal\",\"https:\/\/www.instagram.com\/cbm.tunisie\/\",\"https:\/\/www.youtube.com\/channel\/UC-OkHNZsdbVJWr4A7_DCoOg\"]}]}<\/script>\n<!-- \/ Yoast SEO plugin. -->","yoast_head_json":{"title":"WIND WHITE CHAIR | Maison CBM","description":"Wind chair in white, made of polypropylene with fiberglass, suitable for indoor and outdoor use.","robots":{"index":"index","follow":"follow","max-snippet":"max-snippet:-1","max-image-preview":"max-image-preview:large","max-video-preview":"max-video-preview:-1"},"canonical":"https:\/\/mobili.cbmtunisie.com.tn\/en\/product\/wind-white-chair\/","og_locale":"en_US","og_type":"article","og_title":"WIND WHITE CHAIR | Maison CBM","og_description":"Wind chair in white, made of polypropylene with fiberglass, suitable for indoor and outdoor use.","og_url":"https:\/\/mobili.cbmtunisie.com.tn\/en\/product\/wind-white-chair\/","og_site_name":"Maison CBM","article_publisher":"https:\/\/www.facebook.com\/CBM.TUNISIE\/?ref=page_internal","article_modified_time":"2025-06-30T08:51:42+00:00","og_image":[{"width":800,"height":800,"url":"https:\/\/mobili.cbmtunisie.com.tn\/wp-content\/uploads\/2025\/01\/WIND-2.jpg","type":"image\/jpeg"}],"twitter_card":"summary_large_image","twitter_misc":{"Est. reading time":"1 minute"},"schema":{"@context":"https:\/\/schema.org","@graph":[{"@type":"WebPage","@id":"https:\/\/mobili.cbmtunisie.com.tn\/en\/product\/wind-white-chair\/","url":"https:\/\/mobili.cbmtunisie.com.tn\/en\/product\/wind-white-chair\/","name":"WIND WHITE CHAIR | Maison CBM","isPartOf":{"@id":"https:\/\/mobili.cbmtunisie.com.tn\/#website"},"primaryImageOfPage":{"@id":"https:\/\/mobili.cbmtunisie.com.tn\/en\/product\/wind-white-chair\/#primaryimage"},"image":{"@id":"https:\/\/mobili.cbmtunisie.com.tn\/en\/product\/wind-white-chair\/#primaryimage"},"thumbnailUrl":"https:\/\/mobili.cbmtunisie.com.tn\/wp-content\/uploads\/2025\/01\/WIND-2.jpg","datePublished":"2025-01-20T10:59:44+00:00","dateModified":"2025-06-30T08:51:42+00:00","description":"Wind chair in white, made of polypropylene with fiberglass, suitable for indoor and outdoor use.","breadcrumb":{"@id":"https:\/\/mobili.cbmtunisie.com.tn\/en\/product\/wind-white-chair\/#breadcrumb"},"inLanguage":"en-US","potentialAction":[{"@type":"ReadAction","target":["https:\/\/mobili.cbmtunisie.com.tn\/en\/product\/wind-white-chair\/"]}]},{"@type":"ImageObject","inLanguage":"en-US","@id":"https:\/\/mobili.cbmtunisie.com.tn\/en\/product\/wind-white-chair\/#primaryimage","url":"https:\/\/mobili.cbmtunisie.com.tn\/wp-content\/uploads\/2025\/01\/WIND-2.jpg","contentUrl":"https:\/\/mobili.cbmtunisie.com.tn\/wp-content\/uploads\/2025\/01\/WIND-2.jpg","width":800,"height":800},{"@type":"BreadcrumbList","@id":"https:\/\/mobili.cbmtunisie.com.tn\/en\/product\/wind-white-chair\/#breadcrumb","itemListElement":[{"@type":"ListItem","position":1,"name":"Accueil","item":"https:\/\/mobili.cbmtunisie.com.tn\/en\/"},{"@type":"ListItem","position":2,"name":"Nos produits","item":"https:\/\/mobili.cbmtunisie.com.tn\/shop\/"},{"@type":"ListItem","position":3,"name":"WIND WHITE CHAIR"}]},{"@type":"WebSite","@id":"https:\/\/mobili.cbmtunisie.com.tn\/#website","url":"https:\/\/mobili.cbmtunisie.com.tn\/","name":"Maison CBM","description":"Le partenaire de vos ext\u00e9rieurs \u00e9l\u00e9gants !","publisher":{"@id":"https:\/\/mobili.cbmtunisie.com.tn\/#organization"},"potentialAction":[{"@type":"SearchAction","target":{"@type":"EntryPoint","urlTemplate":"https:\/\/mobili.cbmtunisie.com.tn\/?s={search_term_string}"},"query-input":{"@type":"PropertyValueSpecification","valueRequired":true,"valueName":"search_term_string"}}],"inLanguage":"en-US"},{"@type":"Organization","@id":"https:\/\/mobili.cbmtunisie.com.tn\/#organization","name":"Maison CBM","url":"https:\/\/mobili.cbmtunisie.com.tn\/","logo":{"@type":"ImageObject","inLanguage":"en-US","@id":"https:\/\/mobili.cbmtunisie.com.tn\/#\/schema\/logo\/image\/","url":"https:\/\/mobili.cbmtunisie.com.tn\/wp-content\/uploads\/2024\/06\/cropped-logo-maison.png","contentUrl":"https:\/\/mobili.cbmtunisie.com.tn\/wp-content\/uploads\/2024\/06\/cropped-logo-maison.png","width":510,"height":343,"caption":"Maison CBM"},"image":{"@id":"https:\/\/mobili.cbmtunisie.com.tn\/#\/schema\/logo\/image\/"},"sameAs":["https:\/\/www.facebook.com\/CBM.TUNISIE\/?ref=page_internal","https:\/\/www.instagram.com\/cbm.tunisie\/","https:\/\/www.youtube.com\/channel\/UC-OkHNZsdbVJWr4A7_DCoOg"]}]}},"_links":{"self":[{"href":"https:\/\/mobili.cbmtunisie.com.tn\/en\/wp-json\/wp\/v2\/product\/59716","targetHints":{"allow":["GET"]}}],"collection":[{"href":"https:\/\/mobili.cbmtunisie.com.tn\/en\/wp-json\/wp\/v2\/product"}],"about":[{"href":"https:\/\/mobili.cbmtunisie.com.tn\/en\/wp-json\/wp\/v2\/types\/product"}],"wp:featuredmedia":[{"embeddable":true,"href":"https:\/\/mobili.cbmtunisie.com.tn\/en\/wp-json\/wp\/v2\/media\/58260"}],"wp:attachment":[{"href":"https:\/\/mobili.cbmtunisie.com.tn\/en\/wp-json\/wp\/v2\/media?parent=59716"}],"wp:term":[{"taxonomy":"product_cat","embeddable":true,"href":"https:\/\/mobili.cbmtunisie.com.tn\/en\/wp-json\/wp\/v2\/product_cat?post=59716"},{"taxonomy":"product_tag","embeddable":true,"href":"https:\/\/mobili.cbmtunisie.com.tn\/en\/wp-json\/wp\/v2\/product_tag?post=59716"}],"curies":[{"name":"wp","href":"https:\/\/api.w.org\/{rel}","templated":true}]}}