{"id":60594,"date":"2025-04-16T10:30:39","date_gmt":"2025-04-16T08:30:39","guid":{"rendered":"https:\/\/mobili.cbmtunisie.com.tn\/product\/table-rond-pliante-en-hpl-noir-o70\/"},"modified":"2025-04-16T10:34:20","modified_gmt":"2025-04-16T08:34:20","slug":"round-folding-table-in-hpl-black-o70","status":"publish","type":"product","link":"https:\/\/mobili.cbmtunisie.com.tn\/en\/product\/round-folding-table-in-hpl-black-o70\/","title":{"rendered":"ROUND FOLDING TABLE IN HPL BLACK \u00d870"},"content":{"rendered":"","protected":false},"excerpt":{"rendered":"<ul>\n<li>\n<p id=\"tw-target-text\" class=\"tw-data-text tw-text-large tw-ta\" dir=\"ltr\" data-placeholder=\"Traduction\" data-ved=\"2ahUKEwj65p32mNqMAxUmSfEDHbHQAlEQ3ewLegQICBAV\" aria-label=\"Texte traduit\u00a0: Table for outdoor use.\nCompact phenolic (HPL) top.\nFRAME: Polypropylene with fiberglass.\nAnodized aluminum.\nPolyamide.\nFEATURES: Folding.\n\u00d8 60 cm; Height: 74 cm\"><span class=\"Y2IQFc\" lang=\"en\">Table for outdoor use. Compact phenolic (HPL) top. FRAME: Polypropylene with fiberglass. Anodized aluminum. Polyamide. FEATURES: Folding. \u00d8 70 cm; Height: 74 cm<\/span><\/p>\n<\/li>\n<\/ul>\n","protected":false},"featured_media":60575,"template":"","meta":[],"product_cat":[258,267],"product_tag":[],"class_list":{"0":"post-60594","1":"product","2":"type-product","3":"status-publish","4":"has-post-thumbnail","6":"product_cat-tables-en-2","7":"product_cat-tables-en","9":"first","10":"instock","11":"shipping-taxable","12":"product-type-simple","13":"add-to-wishlist-before_image"},"yoast_head":"<!-- This site is optimized with the Yoast SEO plugin v24.5 - https:\/\/yoast.com\/wordpress\/plugins\/seo\/ -->\n<title>ROUND FOLDING TABLE IN HPL BLACK \u00d870 | Maison CBM<\/title>\n<meta name=\"description\" content=\"Table for outdoor use. Compact phenolic (HPL) top. FRAME: Polypropylene with fiberglass. Anodized aluminum. Polyamide. FEATURES: Folding. \u00d8 70 cm; Height: 74 cm\" \/>\n<meta name=\"robots\" content=\"index, follow, max-snippet:-1, max-image-preview:large, max-video-preview:-1\" \/>\n<link rel=\"canonical\" href=\"https:\/\/mobili.cbmtunisie.com.tn\/en\/product\/round-folding-table-in-hpl-black-o70\/\" \/>\n<meta property=\"og:locale\" content=\"en_US\" \/>\n<meta property=\"og:type\" content=\"article\" \/>\n<meta property=\"og:title\" content=\"ROUND FOLDING TABLE IN HPL BLACK \u00d870 | Maison CBM\" \/>\n<meta property=\"og:description\" content=\"Table for outdoor use. Compact phenolic (HPL) top. FRAME: Polypropylene with fiberglass. Anodized aluminum. Polyamide. FEATURES: Folding. \u00d8 70 cm; Height: 74 cm\" \/>\n<meta property=\"og:url\" content=\"https:\/\/mobili.cbmtunisie.com.tn\/en\/product\/round-folding-table-in-hpl-black-o70\/\" \/>\n<meta property=\"og:site_name\" content=\"Maison CBM\" \/>\n<meta property=\"article:publisher\" content=\"https:\/\/www.facebook.com\/CBM.TUNISIE\/?ref=page_internal\" \/>\n<meta property=\"article:modified_time\" content=\"2025-04-16T08:34:20+00:00\" \/>\n<meta property=\"og:image\" content=\"https:\/\/mobili.cbmtunisie.com.tn\/wp-content\/uploads\/2025\/04\/Design-sans-titre-min.png\" \/>\n\t<meta property=\"og:image:width\" content=\"800\" \/>\n\t<meta property=\"og:image:height\" content=\"800\" \/>\n\t<meta property=\"og:image:type\" content=\"image\/png\" \/>\n<meta name=\"twitter:card\" content=\"summary_large_image\" \/>\n<meta name=\"twitter:label1\" content=\"Est. reading time\" \/>\n\t<meta name=\"twitter:data1\" content=\"1 minute\" \/>\n<script type=\"application\/ld+json\" class=\"yoast-schema-graph\">{\"@context\":\"https:\/\/schema.org\",\"@graph\":[{\"@type\":\"WebPage\",\"@id\":\"https:\/\/mobili.cbmtunisie.com.tn\/en\/product\/round-folding-table-in-hpl-black-o70\/\",\"url\":\"https:\/\/mobili.cbmtunisie.com.tn\/en\/product\/round-folding-table-in-hpl-black-o70\/\",\"name\":\"ROUND FOLDING TABLE IN HPL BLACK \u00d870 | Maison CBM\",\"isPartOf\":{\"@id\":\"https:\/\/mobili.cbmtunisie.com.tn\/#website\"},\"primaryImageOfPage\":{\"@id\":\"https:\/\/mobili.cbmtunisie.com.tn\/en\/product\/round-folding-table-in-hpl-black-o70\/#primaryimage\"},\"image\":{\"@id\":\"https:\/\/mobili.cbmtunisie.com.tn\/en\/product\/round-folding-table-in-hpl-black-o70\/#primaryimage\"},\"thumbnailUrl\":\"https:\/\/mobili.cbmtunisie.com.tn\/wp-content\/uploads\/2025\/04\/Design-sans-titre-min.png\",\"datePublished\":\"2025-04-16T08:30:39+00:00\",\"dateModified\":\"2025-04-16T08:34:20+00:00\",\"description\":\"Table for outdoor use. Compact phenolic (HPL) top. FRAME: Polypropylene with fiberglass. Anodized aluminum. Polyamide. FEATURES: Folding. \u00d8 70 cm; Height: 74 cm\",\"breadcrumb\":{\"@id\":\"https:\/\/mobili.cbmtunisie.com.tn\/en\/product\/round-folding-table-in-hpl-black-o70\/#breadcrumb\"},\"inLanguage\":\"en-US\",\"potentialAction\":[{\"@type\":\"ReadAction\",\"target\":[\"https:\/\/mobili.cbmtunisie.com.tn\/en\/product\/round-folding-table-in-hpl-black-o70\/\"]}]},{\"@type\":\"ImageObject\",\"inLanguage\":\"en-US\",\"@id\":\"https:\/\/mobili.cbmtunisie.com.tn\/en\/product\/round-folding-table-in-hpl-black-o70\/#primaryimage\",\"url\":\"https:\/\/mobili.cbmtunisie.com.tn\/wp-content\/uploads\/2025\/04\/Design-sans-titre-min.png\",\"contentUrl\":\"https:\/\/mobili.cbmtunisie.com.tn\/wp-content\/uploads\/2025\/04\/Design-sans-titre-min.png\",\"width\":800,\"height\":800},{\"@type\":\"BreadcrumbList\",\"@id\":\"https:\/\/mobili.cbmtunisie.com.tn\/en\/product\/round-folding-table-in-hpl-black-o70\/#breadcrumb\",\"itemListElement\":[{\"@type\":\"ListItem\",\"position\":1,\"name\":\"Accueil\",\"item\":\"https:\/\/mobili.cbmtunisie.com.tn\/en\/\"},{\"@type\":\"ListItem\",\"position\":2,\"name\":\"Nos produits\",\"item\":\"https:\/\/mobili.cbmtunisie.com.tn\/shop\/\"},{\"@type\":\"ListItem\",\"position\":3,\"name\":\"ROUND FOLDING TABLE IN HPL BLACK \u00d870\"}]},{\"@type\":\"WebSite\",\"@id\":\"https:\/\/mobili.cbmtunisie.com.tn\/#website\",\"url\":\"https:\/\/mobili.cbmtunisie.com.tn\/\",\"name\":\"Maison CBM\",\"description\":\"Le partenaire de vos ext\u00e9rieurs \u00e9l\u00e9gants !\",\"publisher\":{\"@id\":\"https:\/\/mobili.cbmtunisie.com.tn\/#organization\"},\"potentialAction\":[{\"@type\":\"SearchAction\",\"target\":{\"@type\":\"EntryPoint\",\"urlTemplate\":\"https:\/\/mobili.cbmtunisie.com.tn\/?s={search_term_string}\"},\"query-input\":{\"@type\":\"PropertyValueSpecification\",\"valueRequired\":true,\"valueName\":\"search_term_string\"}}],\"inLanguage\":\"en-US\"},{\"@type\":\"Organization\",\"@id\":\"https:\/\/mobili.cbmtunisie.com.tn\/#organization\",\"name\":\"Maison CBM\",\"url\":\"https:\/\/mobili.cbmtunisie.com.tn\/\",\"logo\":{\"@type\":\"ImageObject\",\"inLanguage\":\"en-US\",\"@id\":\"https:\/\/mobili.cbmtunisie.com.tn\/#\/schema\/logo\/image\/\",\"url\":\"https:\/\/mobili.cbmtunisie.com.tn\/wp-content\/uploads\/2024\/06\/cropped-logo-maison.png\",\"contentUrl\":\"https:\/\/mobili.cbmtunisie.com.tn\/wp-content\/uploads\/2024\/06\/cropped-logo-maison.png\",\"width\":510,\"height\":343,\"caption\":\"Maison CBM\"},\"image\":{\"@id\":\"https:\/\/mobili.cbmtunisie.com.tn\/#\/schema\/logo\/image\/\"},\"sameAs\":[\"https:\/\/www.facebook.com\/CBM.TUNISIE\/?ref=page_internal\",\"https:\/\/www.instagram.com\/cbm.tunisie\/\",\"https:\/\/www.youtube.com\/channel\/UC-OkHNZsdbVJWr4A7_DCoOg\"]}]}<\/script>\n<!-- \/ Yoast SEO plugin. -->","yoast_head_json":{"title":"ROUND FOLDING TABLE IN HPL BLACK \u00d870 | Maison CBM","description":"Table for outdoor use. Compact phenolic (HPL) top. FRAME: Polypropylene with fiberglass. Anodized aluminum. Polyamide. FEATURES: Folding. \u00d8 70 cm; Height: 74 cm","robots":{"index":"index","follow":"follow","max-snippet":"max-snippet:-1","max-image-preview":"max-image-preview:large","max-video-preview":"max-video-preview:-1"},"canonical":"https:\/\/mobili.cbmtunisie.com.tn\/en\/product\/round-folding-table-in-hpl-black-o70\/","og_locale":"en_US","og_type":"article","og_title":"ROUND FOLDING TABLE IN HPL BLACK \u00d870 | Maison CBM","og_description":"Table for outdoor use. Compact phenolic (HPL) top. FRAME: Polypropylene with fiberglass. Anodized aluminum. Polyamide. FEATURES: Folding. \u00d8 70 cm; Height: 74 cm","og_url":"https:\/\/mobili.cbmtunisie.com.tn\/en\/product\/round-folding-table-in-hpl-black-o70\/","og_site_name":"Maison CBM","article_publisher":"https:\/\/www.facebook.com\/CBM.TUNISIE\/?ref=page_internal","article_modified_time":"2025-04-16T08:34:20+00:00","og_image":[{"width":800,"height":800,"url":"https:\/\/mobili.cbmtunisie.com.tn\/wp-content\/uploads\/2025\/04\/Design-sans-titre-min.png","type":"image\/png"}],"twitter_card":"summary_large_image","twitter_misc":{"Est. reading time":"1 minute"},"schema":{"@context":"https:\/\/schema.org","@graph":[{"@type":"WebPage","@id":"https:\/\/mobili.cbmtunisie.com.tn\/en\/product\/round-folding-table-in-hpl-black-o70\/","url":"https:\/\/mobili.cbmtunisie.com.tn\/en\/product\/round-folding-table-in-hpl-black-o70\/","name":"ROUND FOLDING TABLE IN HPL BLACK \u00d870 | Maison CBM","isPartOf":{"@id":"https:\/\/mobili.cbmtunisie.com.tn\/#website"},"primaryImageOfPage":{"@id":"https:\/\/mobili.cbmtunisie.com.tn\/en\/product\/round-folding-table-in-hpl-black-o70\/#primaryimage"},"image":{"@id":"https:\/\/mobili.cbmtunisie.com.tn\/en\/product\/round-folding-table-in-hpl-black-o70\/#primaryimage"},"thumbnailUrl":"https:\/\/mobili.cbmtunisie.com.tn\/wp-content\/uploads\/2025\/04\/Design-sans-titre-min.png","datePublished":"2025-04-16T08:30:39+00:00","dateModified":"2025-04-16T08:34:20+00:00","description":"Table for outdoor use. Compact phenolic (HPL) top. FRAME: Polypropylene with fiberglass. Anodized aluminum. Polyamide. FEATURES: Folding. \u00d8 70 cm; Height: 74 cm","breadcrumb":{"@id":"https:\/\/mobili.cbmtunisie.com.tn\/en\/product\/round-folding-table-in-hpl-black-o70\/#breadcrumb"},"inLanguage":"en-US","potentialAction":[{"@type":"ReadAction","target":["https:\/\/mobili.cbmtunisie.com.tn\/en\/product\/round-folding-table-in-hpl-black-o70\/"]}]},{"@type":"ImageObject","inLanguage":"en-US","@id":"https:\/\/mobili.cbmtunisie.com.tn\/en\/product\/round-folding-table-in-hpl-black-o70\/#primaryimage","url":"https:\/\/mobili.cbmtunisie.com.tn\/wp-content\/uploads\/2025\/04\/Design-sans-titre-min.png","contentUrl":"https:\/\/mobili.cbmtunisie.com.tn\/wp-content\/uploads\/2025\/04\/Design-sans-titre-min.png","width":800,"height":800},{"@type":"BreadcrumbList","@id":"https:\/\/mobili.cbmtunisie.com.tn\/en\/product\/round-folding-table-in-hpl-black-o70\/#breadcrumb","itemListElement":[{"@type":"ListItem","position":1,"name":"Accueil","item":"https:\/\/mobili.cbmtunisie.com.tn\/en\/"},{"@type":"ListItem","position":2,"name":"Nos produits","item":"https:\/\/mobili.cbmtunisie.com.tn\/shop\/"},{"@type":"ListItem","position":3,"name":"ROUND FOLDING TABLE IN HPL BLACK \u00d870"}]},{"@type":"WebSite","@id":"https:\/\/mobili.cbmtunisie.com.tn\/#website","url":"https:\/\/mobili.cbmtunisie.com.tn\/","name":"Maison CBM","description":"Le partenaire de vos ext\u00e9rieurs \u00e9l\u00e9gants !","publisher":{"@id":"https:\/\/mobili.cbmtunisie.com.tn\/#organization"},"potentialAction":[{"@type":"SearchAction","target":{"@type":"EntryPoint","urlTemplate":"https:\/\/mobili.cbmtunisie.com.tn\/?s={search_term_string}"},"query-input":{"@type":"PropertyValueSpecification","valueRequired":true,"valueName":"search_term_string"}}],"inLanguage":"en-US"},{"@type":"Organization","@id":"https:\/\/mobili.cbmtunisie.com.tn\/#organization","name":"Maison CBM","url":"https:\/\/mobili.cbmtunisie.com.tn\/","logo":{"@type":"ImageObject","inLanguage":"en-US","@id":"https:\/\/mobili.cbmtunisie.com.tn\/#\/schema\/logo\/image\/","url":"https:\/\/mobili.cbmtunisie.com.tn\/wp-content\/uploads\/2024\/06\/cropped-logo-maison.png","contentUrl":"https:\/\/mobili.cbmtunisie.com.tn\/wp-content\/uploads\/2024\/06\/cropped-logo-maison.png","width":510,"height":343,"caption":"Maison CBM"},"image":{"@id":"https:\/\/mobili.cbmtunisie.com.tn\/#\/schema\/logo\/image\/"},"sameAs":["https:\/\/www.facebook.com\/CBM.TUNISIE\/?ref=page_internal","https:\/\/www.instagram.com\/cbm.tunisie\/","https:\/\/www.youtube.com\/channel\/UC-OkHNZsdbVJWr4A7_DCoOg"]}]}},"_links":{"self":[{"href":"https:\/\/mobili.cbmtunisie.com.tn\/en\/wp-json\/wp\/v2\/product\/60594","targetHints":{"allow":["GET"]}}],"collection":[{"href":"https:\/\/mobili.cbmtunisie.com.tn\/en\/wp-json\/wp\/v2\/product"}],"about":[{"href":"https:\/\/mobili.cbmtunisie.com.tn\/en\/wp-json\/wp\/v2\/types\/product"}],"wp:featuredmedia":[{"embeddable":true,"href":"https:\/\/mobili.cbmtunisie.com.tn\/en\/wp-json\/wp\/v2\/media\/60575"}],"wp:attachment":[{"href":"https:\/\/mobili.cbmtunisie.com.tn\/en\/wp-json\/wp\/v2\/media?parent=60594"}],"wp:term":[{"taxonomy":"product_cat","embeddable":true,"href":"https:\/\/mobili.cbmtunisie.com.tn\/en\/wp-json\/wp\/v2\/product_cat?post=60594"},{"taxonomy":"product_tag","embeddable":true,"href":"https:\/\/mobili.cbmtunisie.com.tn\/en\/wp-json\/wp\/v2\/product_tag?post=60594"}],"curies":[{"name":"wp","href":"https:\/\/api.w.org\/{rel}","templated":true}]}}