{"id":61580,"date":"2025-06-12T16:26:40","date_gmt":"2025-06-12T14:26:40","guid":{"rendered":"https:\/\/mobili.cbmtunisie.com.tn\/?post_type=product&#038;p=61580"},"modified":"2025-06-24T17:00:32","modified_gmt":"2025-06-24T15:00:32","slug":"louisiana-ii-table-187-247x100-cream-oak","status":"publish","type":"product","link":"https:\/\/mobili.cbmtunisie.com.tn\/en\/product\/louisiana-ii-table-187-247x100-cream-oak\/","title":{"rendered":"LOUISIANA II TABLE 187\/247&#215;100 &#8211; CREAM\/OAK"},"content":{"rendered":"","protected":false},"excerpt":{"rendered":"<p id=\"tw-target-text\" class=\"tw-data-text tw-text-large tw-ta\" dir=\"ltr\" data-placeholder=\"Traduction\" data-ved=\"2ahUKEwiczYL0rOuNAxW_QkEAHd_XAUcQ3ewLegQICRAV\" aria-label=\"Texte traduit\u00a0: Rectangular, extendable outdoor table. 100% aluminum frame. &quot;Oak wood effect&quot; top with solid slats. Central extension, self-elevating mechanism. Adjustable 6 x 6 cm base. Epoxy paint. Seats 8 to 10 people. Assembly required. Dimensions: 187\/247 x 76 x 100 cm\"><span class=\"Y2IQFc\" lang=\"en\">Rectangular, extendable outdoor table.<br \/>\n<\/span><span class=\"Y2IQFc\" lang=\"en\">100% aluminum frame.<br \/>\n&#8220;Oak wood effect&#8221; top with solid slats.<br \/>\nCentral extension, self-elevating mechanism.<br \/>\nAdjustable 6 x 6 cm base.<br \/>\nEpoxy paint.<br \/>\nSeats 8 to 10 people.<br \/>\nAssembly required.<br \/>\nDimensions: 187\/247 x 76 x 100 cm.<br \/>\nHeight: 76cm.<\/span><\/p>\n","protected":false},"featured_media":61581,"template":"","meta":[],"product_cat":[258],"product_tag":[],"class_list":{"0":"post-61580","1":"product","2":"type-product","3":"status-publish","4":"has-post-thumbnail","6":"product_cat-tables-en-2","8":"first","9":"instock","10":"shipping-taxable","11":"product-type-simple","12":"add-to-wishlist-before_image"},"yoast_head":"<!-- This site is optimized with the Yoast SEO plugin v24.5 - https:\/\/yoast.com\/wordpress\/plugins\/seo\/ -->\n<title>LOUISIANA II TABLE 187\/247x100 - CREAM\/OAK | Maison CBM<\/title>\n<meta name=\"description\" content=\"Rectangular, extendable outdoor table. 100% aluminum frame. &quot;Oak wood effect&quot; top with solid slats. Central extension, self-elevating mechanism. Adjustable 6 x 6 cm base. Epoxy paint. Seats 8 to 10 people. Assembly required. Dimensions: 187\/247 x 76 x 100 cm. Height: 76cm.\" \/>\n<meta name=\"robots\" content=\"index, follow, max-snippet:-1, max-image-preview:large, max-video-preview:-1\" \/>\n<link rel=\"canonical\" href=\"https:\/\/mobili.cbmtunisie.com.tn\/en\/product\/louisiana-ii-table-187-247x100-cream-oak\/\" \/>\n<meta property=\"og:locale\" content=\"en_US\" \/>\n<meta property=\"og:type\" content=\"article\" \/>\n<meta property=\"og:title\" content=\"LOUISIANA II TABLE 187\/247x100 - CREAM\/OAK | Maison CBM\" \/>\n<meta property=\"og:description\" content=\"Rectangular, extendable outdoor table. 100% aluminum frame. &quot;Oak wood effect&quot; top with solid slats. Central extension, self-elevating mechanism. Adjustable 6 x 6 cm base. Epoxy paint. Seats 8 to 10 people. Assembly required. Dimensions: 187\/247 x 76 x 100 cm. Height: 76cm.\" \/>\n<meta property=\"og:url\" content=\"https:\/\/mobili.cbmtunisie.com.tn\/en\/product\/louisiana-ii-table-187-247x100-cream-oak\/\" \/>\n<meta property=\"og:site_name\" content=\"Maison CBM\" \/>\n<meta property=\"article:publisher\" content=\"https:\/\/www.facebook.com\/CBM.TUNISIE\/?ref=page_internal\" \/>\n<meta property=\"article:modified_time\" content=\"2025-06-24T15:00:32+00:00\" \/>\n<meta property=\"og:image\" content=\"https:\/\/mobili.cbmtunisie.com.tn\/wp-content\/uploads\/2025\/06\/Design-sans-titre-35.png\" \/>\n\t<meta property=\"og:image:width\" content=\"1000\" \/>\n\t<meta property=\"og:image:height\" content=\"1000\" \/>\n\t<meta property=\"og:image:type\" content=\"image\/png\" \/>\n<meta name=\"twitter:card\" content=\"summary_large_image\" \/>\n<meta name=\"twitter:label1\" content=\"Est. reading time\" \/>\n\t<meta name=\"twitter:data1\" content=\"1 minute\" \/>\n<script type=\"application\/ld+json\" class=\"yoast-schema-graph\">{\"@context\":\"https:\/\/schema.org\",\"@graph\":[{\"@type\":\"WebPage\",\"@id\":\"https:\/\/mobili.cbmtunisie.com.tn\/en\/product\/louisiana-ii-table-187-247x100-cream-oak\/\",\"url\":\"https:\/\/mobili.cbmtunisie.com.tn\/en\/product\/louisiana-ii-table-187-247x100-cream-oak\/\",\"name\":\"LOUISIANA II TABLE 187\/247x100 - CREAM\/OAK | Maison CBM\",\"isPartOf\":{\"@id\":\"https:\/\/mobili.cbmtunisie.com.tn\/#website\"},\"primaryImageOfPage\":{\"@id\":\"https:\/\/mobili.cbmtunisie.com.tn\/en\/product\/louisiana-ii-table-187-247x100-cream-oak\/#primaryimage\"},\"image\":{\"@id\":\"https:\/\/mobili.cbmtunisie.com.tn\/en\/product\/louisiana-ii-table-187-247x100-cream-oak\/#primaryimage\"},\"thumbnailUrl\":\"https:\/\/mobili.cbmtunisie.com.tn\/wp-content\/uploads\/2025\/06\/Design-sans-titre-35.png\",\"datePublished\":\"2025-06-12T14:26:40+00:00\",\"dateModified\":\"2025-06-24T15:00:32+00:00\",\"description\":\"Rectangular, extendable outdoor table. 100% aluminum frame. \\\"Oak wood effect\\\" top with solid slats. Central extension, self-elevating mechanism. Adjustable 6 x 6 cm base. Epoxy paint. Seats 8 to 10 people. Assembly required. Dimensions: 187\/247 x 76 x 100 cm. Height: 76cm.\",\"breadcrumb\":{\"@id\":\"https:\/\/mobili.cbmtunisie.com.tn\/en\/product\/louisiana-ii-table-187-247x100-cream-oak\/#breadcrumb\"},\"inLanguage\":\"en-US\",\"potentialAction\":[{\"@type\":\"ReadAction\",\"target\":[\"https:\/\/mobili.cbmtunisie.com.tn\/en\/product\/louisiana-ii-table-187-247x100-cream-oak\/\"]}]},{\"@type\":\"ImageObject\",\"inLanguage\":\"en-US\",\"@id\":\"https:\/\/mobili.cbmtunisie.com.tn\/en\/product\/louisiana-ii-table-187-247x100-cream-oak\/#primaryimage\",\"url\":\"https:\/\/mobili.cbmtunisie.com.tn\/wp-content\/uploads\/2025\/06\/Design-sans-titre-35.png\",\"contentUrl\":\"https:\/\/mobili.cbmtunisie.com.tn\/wp-content\/uploads\/2025\/06\/Design-sans-titre-35.png\",\"width\":1000,\"height\":1000},{\"@type\":\"BreadcrumbList\",\"@id\":\"https:\/\/mobili.cbmtunisie.com.tn\/en\/product\/louisiana-ii-table-187-247x100-cream-oak\/#breadcrumb\",\"itemListElement\":[{\"@type\":\"ListItem\",\"position\":1,\"name\":\"Accueil\",\"item\":\"https:\/\/mobili.cbmtunisie.com.tn\/en\/\"},{\"@type\":\"ListItem\",\"position\":2,\"name\":\"Nos produits\",\"item\":\"https:\/\/mobili.cbmtunisie.com.tn\/shop\/\"},{\"@type\":\"ListItem\",\"position\":3,\"name\":\"LOUISIANA II TABLE 187\/247&#215;100 &#8211; CREAM\/OAK\"}]},{\"@type\":\"WebSite\",\"@id\":\"https:\/\/mobili.cbmtunisie.com.tn\/#website\",\"url\":\"https:\/\/mobili.cbmtunisie.com.tn\/\",\"name\":\"Maison CBM\",\"description\":\"Le partenaire de vos ext\u00e9rieurs \u00e9l\u00e9gants !\",\"publisher\":{\"@id\":\"https:\/\/mobili.cbmtunisie.com.tn\/#organization\"},\"potentialAction\":[{\"@type\":\"SearchAction\",\"target\":{\"@type\":\"EntryPoint\",\"urlTemplate\":\"https:\/\/mobili.cbmtunisie.com.tn\/?s={search_term_string}\"},\"query-input\":{\"@type\":\"PropertyValueSpecification\",\"valueRequired\":true,\"valueName\":\"search_term_string\"}}],\"inLanguage\":\"en-US\"},{\"@type\":\"Organization\",\"@id\":\"https:\/\/mobili.cbmtunisie.com.tn\/#organization\",\"name\":\"Maison CBM\",\"url\":\"https:\/\/mobili.cbmtunisie.com.tn\/\",\"logo\":{\"@type\":\"ImageObject\",\"inLanguage\":\"en-US\",\"@id\":\"https:\/\/mobili.cbmtunisie.com.tn\/#\/schema\/logo\/image\/\",\"url\":\"https:\/\/mobili.cbmtunisie.com.tn\/wp-content\/uploads\/2024\/06\/cropped-logo-maison.png\",\"contentUrl\":\"https:\/\/mobili.cbmtunisie.com.tn\/wp-content\/uploads\/2024\/06\/cropped-logo-maison.png\",\"width\":510,\"height\":343,\"caption\":\"Maison CBM\"},\"image\":{\"@id\":\"https:\/\/mobili.cbmtunisie.com.tn\/#\/schema\/logo\/image\/\"},\"sameAs\":[\"https:\/\/www.facebook.com\/CBM.TUNISIE\/?ref=page_internal\",\"https:\/\/www.instagram.com\/cbm.tunisie\/\",\"https:\/\/www.youtube.com\/channel\/UC-OkHNZsdbVJWr4A7_DCoOg\"]}]}<\/script>\n<!-- \/ Yoast SEO plugin. -->","yoast_head_json":{"title":"LOUISIANA II TABLE 187\/247x100 - CREAM\/OAK | Maison CBM","description":"Rectangular, extendable outdoor table. 100% aluminum frame. \"Oak wood effect\" top with solid slats. Central extension, self-elevating mechanism. Adjustable 6 x 6 cm base. Epoxy paint. Seats 8 to 10 people. Assembly required. Dimensions: 187\/247 x 76 x 100 cm. Height: 76cm.","robots":{"index":"index","follow":"follow","max-snippet":"max-snippet:-1","max-image-preview":"max-image-preview:large","max-video-preview":"max-video-preview:-1"},"canonical":"https:\/\/mobili.cbmtunisie.com.tn\/en\/product\/louisiana-ii-table-187-247x100-cream-oak\/","og_locale":"en_US","og_type":"article","og_title":"LOUISIANA II TABLE 187\/247x100 - CREAM\/OAK | Maison CBM","og_description":"Rectangular, extendable outdoor table. 100% aluminum frame. \"Oak wood effect\" top with solid slats. Central extension, self-elevating mechanism. Adjustable 6 x 6 cm base. Epoxy paint. Seats 8 to 10 people. Assembly required. Dimensions: 187\/247 x 76 x 100 cm. Height: 76cm.","og_url":"https:\/\/mobili.cbmtunisie.com.tn\/en\/product\/louisiana-ii-table-187-247x100-cream-oak\/","og_site_name":"Maison CBM","article_publisher":"https:\/\/www.facebook.com\/CBM.TUNISIE\/?ref=page_internal","article_modified_time":"2025-06-24T15:00:32+00:00","og_image":[{"width":1000,"height":1000,"url":"https:\/\/mobili.cbmtunisie.com.tn\/wp-content\/uploads\/2025\/06\/Design-sans-titre-35.png","type":"image\/png"}],"twitter_card":"summary_large_image","twitter_misc":{"Est. reading time":"1 minute"},"schema":{"@context":"https:\/\/schema.org","@graph":[{"@type":"WebPage","@id":"https:\/\/mobili.cbmtunisie.com.tn\/en\/product\/louisiana-ii-table-187-247x100-cream-oak\/","url":"https:\/\/mobili.cbmtunisie.com.tn\/en\/product\/louisiana-ii-table-187-247x100-cream-oak\/","name":"LOUISIANA II TABLE 187\/247x100 - CREAM\/OAK | Maison CBM","isPartOf":{"@id":"https:\/\/mobili.cbmtunisie.com.tn\/#website"},"primaryImageOfPage":{"@id":"https:\/\/mobili.cbmtunisie.com.tn\/en\/product\/louisiana-ii-table-187-247x100-cream-oak\/#primaryimage"},"image":{"@id":"https:\/\/mobili.cbmtunisie.com.tn\/en\/product\/louisiana-ii-table-187-247x100-cream-oak\/#primaryimage"},"thumbnailUrl":"https:\/\/mobili.cbmtunisie.com.tn\/wp-content\/uploads\/2025\/06\/Design-sans-titre-35.png","datePublished":"2025-06-12T14:26:40+00:00","dateModified":"2025-06-24T15:00:32+00:00","description":"Rectangular, extendable outdoor table. 100% aluminum frame. \"Oak wood effect\" top with solid slats. Central extension, self-elevating mechanism. Adjustable 6 x 6 cm base. Epoxy paint. Seats 8 to 10 people. Assembly required. Dimensions: 187\/247 x 76 x 100 cm. Height: 76cm.","breadcrumb":{"@id":"https:\/\/mobili.cbmtunisie.com.tn\/en\/product\/louisiana-ii-table-187-247x100-cream-oak\/#breadcrumb"},"inLanguage":"en-US","potentialAction":[{"@type":"ReadAction","target":["https:\/\/mobili.cbmtunisie.com.tn\/en\/product\/louisiana-ii-table-187-247x100-cream-oak\/"]}]},{"@type":"ImageObject","inLanguage":"en-US","@id":"https:\/\/mobili.cbmtunisie.com.tn\/en\/product\/louisiana-ii-table-187-247x100-cream-oak\/#primaryimage","url":"https:\/\/mobili.cbmtunisie.com.tn\/wp-content\/uploads\/2025\/06\/Design-sans-titre-35.png","contentUrl":"https:\/\/mobili.cbmtunisie.com.tn\/wp-content\/uploads\/2025\/06\/Design-sans-titre-35.png","width":1000,"height":1000},{"@type":"BreadcrumbList","@id":"https:\/\/mobili.cbmtunisie.com.tn\/en\/product\/louisiana-ii-table-187-247x100-cream-oak\/#breadcrumb","itemListElement":[{"@type":"ListItem","position":1,"name":"Accueil","item":"https:\/\/mobili.cbmtunisie.com.tn\/en\/"},{"@type":"ListItem","position":2,"name":"Nos produits","item":"https:\/\/mobili.cbmtunisie.com.tn\/shop\/"},{"@type":"ListItem","position":3,"name":"LOUISIANA II TABLE 187\/247&#215;100 &#8211; CREAM\/OAK"}]},{"@type":"WebSite","@id":"https:\/\/mobili.cbmtunisie.com.tn\/#website","url":"https:\/\/mobili.cbmtunisie.com.tn\/","name":"Maison CBM","description":"Le partenaire de vos ext\u00e9rieurs \u00e9l\u00e9gants !","publisher":{"@id":"https:\/\/mobili.cbmtunisie.com.tn\/#organization"},"potentialAction":[{"@type":"SearchAction","target":{"@type":"EntryPoint","urlTemplate":"https:\/\/mobili.cbmtunisie.com.tn\/?s={search_term_string}"},"query-input":{"@type":"PropertyValueSpecification","valueRequired":true,"valueName":"search_term_string"}}],"inLanguage":"en-US"},{"@type":"Organization","@id":"https:\/\/mobili.cbmtunisie.com.tn\/#organization","name":"Maison CBM","url":"https:\/\/mobili.cbmtunisie.com.tn\/","logo":{"@type":"ImageObject","inLanguage":"en-US","@id":"https:\/\/mobili.cbmtunisie.com.tn\/#\/schema\/logo\/image\/","url":"https:\/\/mobili.cbmtunisie.com.tn\/wp-content\/uploads\/2024\/06\/cropped-logo-maison.png","contentUrl":"https:\/\/mobili.cbmtunisie.com.tn\/wp-content\/uploads\/2024\/06\/cropped-logo-maison.png","width":510,"height":343,"caption":"Maison CBM"},"image":{"@id":"https:\/\/mobili.cbmtunisie.com.tn\/#\/schema\/logo\/image\/"},"sameAs":["https:\/\/www.facebook.com\/CBM.TUNISIE\/?ref=page_internal","https:\/\/www.instagram.com\/cbm.tunisie\/","https:\/\/www.youtube.com\/channel\/UC-OkHNZsdbVJWr4A7_DCoOg"]}]}},"_links":{"self":[{"href":"https:\/\/mobili.cbmtunisie.com.tn\/en\/wp-json\/wp\/v2\/product\/61580","targetHints":{"allow":["GET"]}}],"collection":[{"href":"https:\/\/mobili.cbmtunisie.com.tn\/en\/wp-json\/wp\/v2\/product"}],"about":[{"href":"https:\/\/mobili.cbmtunisie.com.tn\/en\/wp-json\/wp\/v2\/types\/product"}],"wp:featuredmedia":[{"embeddable":true,"href":"https:\/\/mobili.cbmtunisie.com.tn\/en\/wp-json\/wp\/v2\/media\/61581"}],"wp:attachment":[{"href":"https:\/\/mobili.cbmtunisie.com.tn\/en\/wp-json\/wp\/v2\/media?parent=61580"}],"wp:term":[{"taxonomy":"product_cat","embeddable":true,"href":"https:\/\/mobili.cbmtunisie.com.tn\/en\/wp-json\/wp\/v2\/product_cat?post=61580"},{"taxonomy":"product_tag","embeddable":true,"href":"https:\/\/mobili.cbmtunisie.com.tn\/en\/wp-json\/wp\/v2\/product_tag?post=61580"}],"curies":[{"name":"wp","href":"https:\/\/api.w.org\/{rel}","templated":true}]}}