{"id":61647,"date":"2025-06-13T11:21:29","date_gmt":"2025-06-13T09:21:29","guid":{"rendered":"https:\/\/mobili.cbmtunisie.com.tn\/product\/pack-table-antibes-220-300x100-h75-alu-brush-lattes-ice-8-chaises\/"},"modified":"2025-06-24T17:15:17","modified_gmt":"2025-06-24T15:15:17","slug":"pack-antibes-table-220-300x100-brush-lattes-ice-8-chairs","status":"publish","type":"product","link":"https:\/\/mobili.cbmtunisie.com.tn\/en\/product\/pack-antibes-table-220-300x100-brush-lattes-ice-8-chairs\/","title":{"rendered":"PACK: ANTIBES TABLE 220\/300&#215;100 BRUSH\/LATTES-ICE + 8 CHAIRS"},"content":{"rendered":"","protected":false},"excerpt":{"rendered":"<p id=\"tw-target-text\" class=\"tw-data-text tw-text-large tw-ta\" dir=\"ltr\" data-placeholder=\"Traduction\" data-ved=\"2ahUKEwiczYL0rOuNAxW_QkEAHd_XAUcQ3ewLegQICRAV\" aria-label=\"Texte traduit\u00a0: Ready for large gatherings! The Antibes rectangular garden table boasts a beautiful handmade &quot;brush&quot; finish. Extendable, this generously sized table allows you to add last-minute guests for truly convivial moments. Finish: Painted. Color: Brushed Ice Grey. Frame Material: Aluminum. The central extension allows you to use this table in 200 cm or 300 cm lengths. PACK: ANTIBES TABLE 220\/300x100 H75 ALU BRUSH\/SLATS - ICE + 8 CHAIRS\"><span class=\"Y2IQFc\" lang=\"en\">Ready for large gatherings! The Antibes rectangular garden table boasts a beautiful handmade &#8220;brush&#8221; finish. Extendable, this generously sized table allows you to add last-minute guests for truly convivial moments.<\/span><\/p>\n<p>Finish: Painted.<br \/>\nColor: Brushed Ice Grey.<br \/>\nFrame Material: Aluminum.<br \/>\nThe central extension allows you to use this table in 200 cm or 300 cm lengths.<\/p>\n<p id=\"tw-target-text\" class=\"tw-data-text tw-text-large tw-ta\" dir=\"ltr\" data-placeholder=\"Traduction\" data-ved=\"2ahUKEwiv2YbMje6NAxV6LPsDHVx7DnAQ3ewLegQICRAV\" aria-label=\"Texte traduit\u00a0: With 6 Antibes chairs with Brush aluminum frames. Finish: Faux epoxy paint. Ice wood color. Unit weight: 3 kg. Unit dimensions: 50 x 57 x 88 cm PACK: ANTIBES TABLE 160\/220x90 H75 ALU BRUSH\/SLATS - ICE + 6 CHAIRS Ready for large receptions! The Antibes rectangular garden table boasts a beautiful handmade &quot;brush&quot; finish. Extendable, this generously sized table allows you to add last-minute guests for moments of great conviviality. Finish: Painted. Color: Brush Ice Gray. Frame material: Aluminum. Table weight: 27 kg. The central extension allows you to use this table in 160 cm or 220 cm lengths. Includes 6 Antibes chairs with a Brushed aluminum frame. Finish: Faux epoxy paint. Ice-colored wood. Unit weight: 3 kilograms. Unit dimensions: 50 x 57 x 88 cm.\"><span class=\"Y2IQFc\" lang=\"en\">Includes 8 Antibes chairs with a Brushed aluminum frame.<br \/>\nFinish: Faux epoxy paint.<br \/>\nIce-colored wood.<br \/>\nUnit weight: 3 kilograms.<br \/>\nUnit dimensions: 50 x 57 x 88 cm.<\/span><\/p>\n","protected":false},"featured_media":61639,"template":"","meta":[],"product_cat":[274,275],"product_tag":[],"class_list":{"0":"post-61647","1":"product","2":"type-product","3":"status-publish","4":"has-post-thumbnail","6":"product_cat-our-promotions","7":"product_cat-nos-promos-2","9":"first","10":"instock","11":"shipping-taxable","12":"product-type-simple","13":"add-to-wishlist-before_image"},"yoast_head":"<!-- This site is optimized with the Yoast SEO plugin v24.5 - https:\/\/yoast.com\/wordpress\/plugins\/seo\/ -->\n<title>PACK: ANTIBES TABLE 220\/300x100 BRUSH\/LATTES-ICE + 8 CHAIRS | Maison CBM<\/title>\n<meta name=\"description\" content=\"Ready for large gatherings! The Antibes rectangular garden table boasts a beautiful handmade &quot;brush&quot; finish. Extendable, this generously sized table allows you to add last-minute guests for truly convivial moments. Finish: Painted. Color: Brushed Ice Grey. Frame Material: Aluminum. The central extension allows you to use this table in 200 cm or 300 cm lengths. Includes 8 Antibes chairs with a Brushed aluminum frame. Finish: Faux epoxy paint. Ice-colored wood. Unit weight: 3 kilograms. Unit dimensions: 50 x 57 x 88 cm.\" \/>\n<meta name=\"robots\" content=\"index, follow, max-snippet:-1, max-image-preview:large, max-video-preview:-1\" \/>\n<link rel=\"canonical\" href=\"https:\/\/mobili.cbmtunisie.com.tn\/en\/product\/pack-antibes-table-220-300x100-brush-lattes-ice-8-chairs\/\" \/>\n<meta property=\"og:locale\" content=\"en_US\" \/>\n<meta property=\"og:type\" content=\"article\" \/>\n<meta property=\"og:title\" content=\"PACK: ANTIBES TABLE 220\/300x100 BRUSH\/LATTES-ICE + 8 CHAIRS | Maison CBM\" \/>\n<meta property=\"og:description\" content=\"Ready for large gatherings! The Antibes rectangular garden table boasts a beautiful handmade &quot;brush&quot; finish. Extendable, this generously sized table allows you to add last-minute guests for truly convivial moments. Finish: Painted. Color: Brushed Ice Grey. Frame Material: Aluminum. The central extension allows you to use this table in 200 cm or 300 cm lengths. Includes 8 Antibes chairs with a Brushed aluminum frame. Finish: Faux epoxy paint. Ice-colored wood. Unit weight: 3 kilograms. Unit dimensions: 50 x 57 x 88 cm.\" \/>\n<meta property=\"og:url\" content=\"https:\/\/mobili.cbmtunisie.com.tn\/en\/product\/pack-antibes-table-220-300x100-brush-lattes-ice-8-chairs\/\" \/>\n<meta property=\"og:site_name\" content=\"Maison CBM\" \/>\n<meta property=\"article:publisher\" content=\"https:\/\/www.facebook.com\/CBM.TUNISIE\/?ref=page_internal\" \/>\n<meta property=\"article:modified_time\" content=\"2025-06-24T15:15:17+00:00\" \/>\n<meta property=\"og:image\" content=\"https:\/\/mobili.cbmtunisie.com.tn\/wp-content\/uploads\/2025\/06\/Design-sans-titre-56-min.png\" \/>\n\t<meta property=\"og:image:width\" content=\"1000\" \/>\n\t<meta property=\"og:image:height\" content=\"1000\" \/>\n\t<meta property=\"og:image:type\" content=\"image\/png\" \/>\n<meta name=\"twitter:card\" content=\"summary_large_image\" \/>\n<meta name=\"twitter:label1\" content=\"Est. reading time\" \/>\n\t<meta name=\"twitter:data1\" content=\"1 minute\" \/>\n<script type=\"application\/ld+json\" class=\"yoast-schema-graph\">{\"@context\":\"https:\/\/schema.org\",\"@graph\":[{\"@type\":\"WebPage\",\"@id\":\"https:\/\/mobili.cbmtunisie.com.tn\/en\/product\/pack-antibes-table-220-300x100-brush-lattes-ice-8-chairs\/\",\"url\":\"https:\/\/mobili.cbmtunisie.com.tn\/en\/product\/pack-antibes-table-220-300x100-brush-lattes-ice-8-chairs\/\",\"name\":\"PACK: ANTIBES TABLE 220\/300x100 BRUSH\/LATTES-ICE + 8 CHAIRS | Maison CBM\",\"isPartOf\":{\"@id\":\"https:\/\/mobili.cbmtunisie.com.tn\/#website\"},\"primaryImageOfPage\":{\"@id\":\"https:\/\/mobili.cbmtunisie.com.tn\/en\/product\/pack-antibes-table-220-300x100-brush-lattes-ice-8-chairs\/#primaryimage\"},\"image\":{\"@id\":\"https:\/\/mobili.cbmtunisie.com.tn\/en\/product\/pack-antibes-table-220-300x100-brush-lattes-ice-8-chairs\/#primaryimage\"},\"thumbnailUrl\":\"https:\/\/mobili.cbmtunisie.com.tn\/wp-content\/uploads\/2025\/06\/Design-sans-titre-56-min.png\",\"datePublished\":\"2025-06-13T09:21:29+00:00\",\"dateModified\":\"2025-06-24T15:15:17+00:00\",\"description\":\"Ready for large gatherings! The Antibes rectangular garden table boasts a beautiful handmade \\\"brush\\\" finish. Extendable, this generously sized table allows you to add last-minute guests for truly convivial moments. Finish: Painted. Color: Brushed Ice Grey. Frame Material: Aluminum. The central extension allows you to use this table in 200 cm or 300 cm lengths. Includes 8 Antibes chairs with a Brushed aluminum frame. Finish: Faux epoxy paint. Ice-colored wood. Unit weight: 3 kilograms. Unit dimensions: 50 x 57 x 88 cm.\",\"breadcrumb\":{\"@id\":\"https:\/\/mobili.cbmtunisie.com.tn\/en\/product\/pack-antibes-table-220-300x100-brush-lattes-ice-8-chairs\/#breadcrumb\"},\"inLanguage\":\"en-US\",\"potentialAction\":[{\"@type\":\"ReadAction\",\"target\":[\"https:\/\/mobili.cbmtunisie.com.tn\/en\/product\/pack-antibes-table-220-300x100-brush-lattes-ice-8-chairs\/\"]}]},{\"@type\":\"ImageObject\",\"inLanguage\":\"en-US\",\"@id\":\"https:\/\/mobili.cbmtunisie.com.tn\/en\/product\/pack-antibes-table-220-300x100-brush-lattes-ice-8-chairs\/#primaryimage\",\"url\":\"https:\/\/mobili.cbmtunisie.com.tn\/wp-content\/uploads\/2025\/06\/Design-sans-titre-56-min.png\",\"contentUrl\":\"https:\/\/mobili.cbmtunisie.com.tn\/wp-content\/uploads\/2025\/06\/Design-sans-titre-56-min.png\",\"width\":1000,\"height\":1000},{\"@type\":\"BreadcrumbList\",\"@id\":\"https:\/\/mobili.cbmtunisie.com.tn\/en\/product\/pack-antibes-table-220-300x100-brush-lattes-ice-8-chairs\/#breadcrumb\",\"itemListElement\":[{\"@type\":\"ListItem\",\"position\":1,\"name\":\"Accueil\",\"item\":\"https:\/\/mobili.cbmtunisie.com.tn\/en\/\"},{\"@type\":\"ListItem\",\"position\":2,\"name\":\"Nos produits\",\"item\":\"https:\/\/mobili.cbmtunisie.com.tn\/shop\/\"},{\"@type\":\"ListItem\",\"position\":3,\"name\":\"PACK: ANTIBES TABLE 220\/300&#215;100 BRUSH\/LATTES-ICE + 8 CHAIRS\"}]},{\"@type\":\"WebSite\",\"@id\":\"https:\/\/mobili.cbmtunisie.com.tn\/#website\",\"url\":\"https:\/\/mobili.cbmtunisie.com.tn\/\",\"name\":\"Maison CBM\",\"description\":\"Le partenaire de vos ext\u00e9rieurs \u00e9l\u00e9gants !\",\"publisher\":{\"@id\":\"https:\/\/mobili.cbmtunisie.com.tn\/#organization\"},\"potentialAction\":[{\"@type\":\"SearchAction\",\"target\":{\"@type\":\"EntryPoint\",\"urlTemplate\":\"https:\/\/mobili.cbmtunisie.com.tn\/?s={search_term_string}\"},\"query-input\":{\"@type\":\"PropertyValueSpecification\",\"valueRequired\":true,\"valueName\":\"search_term_string\"}}],\"inLanguage\":\"en-US\"},{\"@type\":\"Organization\",\"@id\":\"https:\/\/mobili.cbmtunisie.com.tn\/#organization\",\"name\":\"Maison CBM\",\"url\":\"https:\/\/mobili.cbmtunisie.com.tn\/\",\"logo\":{\"@type\":\"ImageObject\",\"inLanguage\":\"en-US\",\"@id\":\"https:\/\/mobili.cbmtunisie.com.tn\/#\/schema\/logo\/image\/\",\"url\":\"https:\/\/mobili.cbmtunisie.com.tn\/wp-content\/uploads\/2024\/06\/cropped-logo-maison.png\",\"contentUrl\":\"https:\/\/mobili.cbmtunisie.com.tn\/wp-content\/uploads\/2024\/06\/cropped-logo-maison.png\",\"width\":510,\"height\":343,\"caption\":\"Maison CBM\"},\"image\":{\"@id\":\"https:\/\/mobili.cbmtunisie.com.tn\/#\/schema\/logo\/image\/\"},\"sameAs\":[\"https:\/\/www.facebook.com\/CBM.TUNISIE\/?ref=page_internal\",\"https:\/\/www.instagram.com\/cbm.tunisie\/\",\"https:\/\/www.youtube.com\/channel\/UC-OkHNZsdbVJWr4A7_DCoOg\"]}]}<\/script>\n<!-- \/ Yoast SEO plugin. -->","yoast_head_json":{"title":"PACK: ANTIBES TABLE 220\/300x100 BRUSH\/LATTES-ICE + 8 CHAIRS | Maison CBM","description":"Ready for large gatherings! The Antibes rectangular garden table boasts a beautiful handmade \"brush\" finish. Extendable, this generously sized table allows you to add last-minute guests for truly convivial moments. Finish: Painted. Color: Brushed Ice Grey. Frame Material: Aluminum. The central extension allows you to use this table in 200 cm or 300 cm lengths. Includes 8 Antibes chairs with a Brushed aluminum frame. Finish: Faux epoxy paint. Ice-colored wood. Unit weight: 3 kilograms. Unit dimensions: 50 x 57 x 88 cm.","robots":{"index":"index","follow":"follow","max-snippet":"max-snippet:-1","max-image-preview":"max-image-preview:large","max-video-preview":"max-video-preview:-1"},"canonical":"https:\/\/mobili.cbmtunisie.com.tn\/en\/product\/pack-antibes-table-220-300x100-brush-lattes-ice-8-chairs\/","og_locale":"en_US","og_type":"article","og_title":"PACK: ANTIBES TABLE 220\/300x100 BRUSH\/LATTES-ICE + 8 CHAIRS | Maison CBM","og_description":"Ready for large gatherings! The Antibes rectangular garden table boasts a beautiful handmade \"brush\" finish. Extendable, this generously sized table allows you to add last-minute guests for truly convivial moments. Finish: Painted. Color: Brushed Ice Grey. Frame Material: Aluminum. The central extension allows you to use this table in 200 cm or 300 cm lengths. Includes 8 Antibes chairs with a Brushed aluminum frame. Finish: Faux epoxy paint. Ice-colored wood. Unit weight: 3 kilograms. Unit dimensions: 50 x 57 x 88 cm.","og_url":"https:\/\/mobili.cbmtunisie.com.tn\/en\/product\/pack-antibes-table-220-300x100-brush-lattes-ice-8-chairs\/","og_site_name":"Maison CBM","article_publisher":"https:\/\/www.facebook.com\/CBM.TUNISIE\/?ref=page_internal","article_modified_time":"2025-06-24T15:15:17+00:00","og_image":[{"width":1000,"height":1000,"url":"https:\/\/mobili.cbmtunisie.com.tn\/wp-content\/uploads\/2025\/06\/Design-sans-titre-56-min.png","type":"image\/png"}],"twitter_card":"summary_large_image","twitter_misc":{"Est. reading time":"1 minute"},"schema":{"@context":"https:\/\/schema.org","@graph":[{"@type":"WebPage","@id":"https:\/\/mobili.cbmtunisie.com.tn\/en\/product\/pack-antibes-table-220-300x100-brush-lattes-ice-8-chairs\/","url":"https:\/\/mobili.cbmtunisie.com.tn\/en\/product\/pack-antibes-table-220-300x100-brush-lattes-ice-8-chairs\/","name":"PACK: ANTIBES TABLE 220\/300x100 BRUSH\/LATTES-ICE + 8 CHAIRS | Maison CBM","isPartOf":{"@id":"https:\/\/mobili.cbmtunisie.com.tn\/#website"},"primaryImageOfPage":{"@id":"https:\/\/mobili.cbmtunisie.com.tn\/en\/product\/pack-antibes-table-220-300x100-brush-lattes-ice-8-chairs\/#primaryimage"},"image":{"@id":"https:\/\/mobili.cbmtunisie.com.tn\/en\/product\/pack-antibes-table-220-300x100-brush-lattes-ice-8-chairs\/#primaryimage"},"thumbnailUrl":"https:\/\/mobili.cbmtunisie.com.tn\/wp-content\/uploads\/2025\/06\/Design-sans-titre-56-min.png","datePublished":"2025-06-13T09:21:29+00:00","dateModified":"2025-06-24T15:15:17+00:00","description":"Ready for large gatherings! The Antibes rectangular garden table boasts a beautiful handmade \"brush\" finish. Extendable, this generously sized table allows you to add last-minute guests for truly convivial moments. Finish: Painted. Color: Brushed Ice Grey. Frame Material: Aluminum. The central extension allows you to use this table in 200 cm or 300 cm lengths. Includes 8 Antibes chairs with a Brushed aluminum frame. Finish: Faux epoxy paint. Ice-colored wood. Unit weight: 3 kilograms. Unit dimensions: 50 x 57 x 88 cm.","breadcrumb":{"@id":"https:\/\/mobili.cbmtunisie.com.tn\/en\/product\/pack-antibes-table-220-300x100-brush-lattes-ice-8-chairs\/#breadcrumb"},"inLanguage":"en-US","potentialAction":[{"@type":"ReadAction","target":["https:\/\/mobili.cbmtunisie.com.tn\/en\/product\/pack-antibes-table-220-300x100-brush-lattes-ice-8-chairs\/"]}]},{"@type":"ImageObject","inLanguage":"en-US","@id":"https:\/\/mobili.cbmtunisie.com.tn\/en\/product\/pack-antibes-table-220-300x100-brush-lattes-ice-8-chairs\/#primaryimage","url":"https:\/\/mobili.cbmtunisie.com.tn\/wp-content\/uploads\/2025\/06\/Design-sans-titre-56-min.png","contentUrl":"https:\/\/mobili.cbmtunisie.com.tn\/wp-content\/uploads\/2025\/06\/Design-sans-titre-56-min.png","width":1000,"height":1000},{"@type":"BreadcrumbList","@id":"https:\/\/mobili.cbmtunisie.com.tn\/en\/product\/pack-antibes-table-220-300x100-brush-lattes-ice-8-chairs\/#breadcrumb","itemListElement":[{"@type":"ListItem","position":1,"name":"Accueil","item":"https:\/\/mobili.cbmtunisie.com.tn\/en\/"},{"@type":"ListItem","position":2,"name":"Nos produits","item":"https:\/\/mobili.cbmtunisie.com.tn\/shop\/"},{"@type":"ListItem","position":3,"name":"PACK: ANTIBES TABLE 220\/300&#215;100 BRUSH\/LATTES-ICE + 8 CHAIRS"}]},{"@type":"WebSite","@id":"https:\/\/mobili.cbmtunisie.com.tn\/#website","url":"https:\/\/mobili.cbmtunisie.com.tn\/","name":"Maison CBM","description":"Le partenaire de vos ext\u00e9rieurs \u00e9l\u00e9gants !","publisher":{"@id":"https:\/\/mobili.cbmtunisie.com.tn\/#organization"},"potentialAction":[{"@type":"SearchAction","target":{"@type":"EntryPoint","urlTemplate":"https:\/\/mobili.cbmtunisie.com.tn\/?s={search_term_string}"},"query-input":{"@type":"PropertyValueSpecification","valueRequired":true,"valueName":"search_term_string"}}],"inLanguage":"en-US"},{"@type":"Organization","@id":"https:\/\/mobili.cbmtunisie.com.tn\/#organization","name":"Maison CBM","url":"https:\/\/mobili.cbmtunisie.com.tn\/","logo":{"@type":"ImageObject","inLanguage":"en-US","@id":"https:\/\/mobili.cbmtunisie.com.tn\/#\/schema\/logo\/image\/","url":"https:\/\/mobili.cbmtunisie.com.tn\/wp-content\/uploads\/2024\/06\/cropped-logo-maison.png","contentUrl":"https:\/\/mobili.cbmtunisie.com.tn\/wp-content\/uploads\/2024\/06\/cropped-logo-maison.png","width":510,"height":343,"caption":"Maison CBM"},"image":{"@id":"https:\/\/mobili.cbmtunisie.com.tn\/#\/schema\/logo\/image\/"},"sameAs":["https:\/\/www.facebook.com\/CBM.TUNISIE\/?ref=page_internal","https:\/\/www.instagram.com\/cbm.tunisie\/","https:\/\/www.youtube.com\/channel\/UC-OkHNZsdbVJWr4A7_DCoOg"]}]}},"_links":{"self":[{"href":"https:\/\/mobili.cbmtunisie.com.tn\/en\/wp-json\/wp\/v2\/product\/61647","targetHints":{"allow":["GET"]}}],"collection":[{"href":"https:\/\/mobili.cbmtunisie.com.tn\/en\/wp-json\/wp\/v2\/product"}],"about":[{"href":"https:\/\/mobili.cbmtunisie.com.tn\/en\/wp-json\/wp\/v2\/types\/product"}],"wp:featuredmedia":[{"embeddable":true,"href":"https:\/\/mobili.cbmtunisie.com.tn\/en\/wp-json\/wp\/v2\/media\/61639"}],"wp:attachment":[{"href":"https:\/\/mobili.cbmtunisie.com.tn\/en\/wp-json\/wp\/v2\/media?parent=61647"}],"wp:term":[{"taxonomy":"product_cat","embeddable":true,"href":"https:\/\/mobili.cbmtunisie.com.tn\/en\/wp-json\/wp\/v2\/product_cat?post=61647"},{"taxonomy":"product_tag","embeddable":true,"href":"https:\/\/mobili.cbmtunisie.com.tn\/en\/wp-json\/wp\/v2\/product_tag?post=61647"}],"curies":[{"name":"wp","href":"https:\/\/api.w.org\/{rel}","templated":true}]}}