{"id":61707,"date":"2025-06-14T13:05:01","date_gmt":"2025-06-14T11:05:01","guid":{"rendered":"https:\/\/mobili.cbmtunisie.com.tn\/?post_type=product&#038;p=61707"},"modified":"2025-06-17T09:38:35","modified_gmt":"2025-06-17T07:38:35","slug":"pack-marsella-sand-table-4-play-sand-armchairs","status":"publish","type":"product","link":"https:\/\/mobili.cbmtunisie.com.tn\/en\/product\/pack-marsella-sand-table-4-play-sand-armchairs\/","title":{"rendered":"PACK: MARSELLA SAND TABLE + 4 PLAY SAND ARMCHAIRS"},"content":{"rendered":"","protected":false},"excerpt":{"rendered":"<p id=\"tw-target-text\" class=\"tw-data-text tw-text-large tw-ta\" dir=\"ltr\" data-placeholder=\"Traduction\" data-ved=\"2ahUKEwiczYL0rOuNAxW_QkEAHd_XAUcQ3ewLegQICRAV\" aria-label=\"Texte traduit\u00a0: New arrival at Maison CBM! Discover the elegantly designed Marsella table, perfect for enhancing your home, paired with the Play chair, which combines comfort and modernity. MARSELLA table (04579): Screwed polypropylene legs with fiberglass. Injected polypropylene tabletop. Color: Slate. UV protected. Dimensions: 70 x 70 cm. Height: 74 cm. PLAY armchair (04901): Color: Sand. Injected with polypropylene. Stackable. UV protected. Dimensions: 57 x 54 cm. Height: 78.6 cm.\"><span class=\"Y2IQFc\" lang=\"en\">New arrival at Maison CBM! Discover the elegantly designed Marsella table, perfect for enhancing your home, paired with the Play chair, which combines comfort and modernity.<\/span><\/p>\n<p>MARSELLA table (04579):<br \/>\nScrewed polypropylene legs with fiberglass.<br \/>\nInjected polypropylene tabletop.<br \/>\n<span class=\"Y2IQFc\" lang=\"en\">Color: Sand.<br \/>\nUV protected.<br \/>\nDimensions: 70 x 70 cm.<br \/>\nHeight: 74 cm.<br \/>\n<\/span><\/p>\n<p class=\"tw-data-text tw-text-large tw-ta\" dir=\"ltr\" data-placeholder=\"Traduction\" data-ved=\"2ahUKEwiczYL0rOuNAxW_QkEAHd_XAUcQ3ewLegQICRAV\" aria-label=\"Texte traduit\u00a0: New arrival at Maison CBM! Discover the elegantly designed Marsella table, perfect for enhancing your home, paired with the Play chair, which combines comfort and modernity. MARSELLA table (04579): Screwed polypropylene legs with fiberglass. Injected polypropylene tabletop. Color: Slate. UV protected. Dimensions: 70 x 70 cm. Height: 74 cm. PLAY armchair (04901): Color: Sand. Injected with polypropylene. Stackable. UV protected. Dimensions: 57 x 54 cm. Height: 78.6 cm.\"><span class=\"Y2IQFc\" lang=\"en\">PLAY armchair (04901):<br \/>\nColor: Sand.<br \/>\nInjected with polypropylene.<br \/>\nStackable.<br \/>\nUV protected.<br \/>\nDimensions: 57 x 54 cm.<br \/>\nHeight: 78.6 cm.<\/span><\/p>\n","protected":false},"featured_media":61708,"template":"","meta":[],"product_cat":[274],"product_tag":[],"class_list":{"0":"post-61707","1":"product","2":"type-product","3":"status-publish","4":"has-post-thumbnail","6":"product_cat-our-promotions","8":"first","9":"instock","10":"shipping-taxable","11":"product-type-simple","12":"add-to-wishlist-before_image"},"yoast_head":"<!-- This site is optimized with the Yoast SEO plugin v24.5 - https:\/\/yoast.com\/wordpress\/plugins\/seo\/ -->\n<title>PACK: MARSELLA SAND TABLE + 4 PLAY SAND ARMCHAIRS | Maison CBM<\/title>\n<meta name=\"description\" content=\"New arrival at Maison CBM! Discover the elegantly designed Marsella table, perfect for enhancing your home, paired with the Play chair, which combines comfort and modernity. MARSELLA table (04579): Screwed polypropylene legs with fiberglass. Injected polypropylene tabletop. Color: Sand. UV protected. Dimensions: 70 x 70 cm. Height: 74 cm.  PLAY armchair (04901): Color: Sand. Injected with polypropylene. Stackable. UV protected. Dimensions: 57 x 54 cm. Height: 78.6 cm.\" \/>\n<meta name=\"robots\" content=\"index, follow, max-snippet:-1, max-image-preview:large, max-video-preview:-1\" \/>\n<link rel=\"canonical\" href=\"https:\/\/mobili.cbmtunisie.com.tn\/en\/product\/pack-marsella-sand-table-4-play-sand-armchairs\/\" \/>\n<meta property=\"og:locale\" content=\"en_US\" \/>\n<meta property=\"og:type\" content=\"article\" \/>\n<meta property=\"og:title\" content=\"PACK: MARSELLA SAND TABLE + 4 PLAY SAND ARMCHAIRS | Maison CBM\" \/>\n<meta property=\"og:description\" content=\"New arrival at Maison CBM! Discover the elegantly designed Marsella table, perfect for enhancing your home, paired with the Play chair, which combines comfort and modernity. MARSELLA table (04579): Screwed polypropylene legs with fiberglass. Injected polypropylene tabletop. Color: Sand. UV protected. Dimensions: 70 x 70 cm. Height: 74 cm.  PLAY armchair (04901): Color: Sand. Injected with polypropylene. Stackable. UV protected. Dimensions: 57 x 54 cm. Height: 78.6 cm.\" \/>\n<meta property=\"og:url\" content=\"https:\/\/mobili.cbmtunisie.com.tn\/en\/product\/pack-marsella-sand-table-4-play-sand-armchairs\/\" \/>\n<meta property=\"og:site_name\" content=\"Maison CBM\" \/>\n<meta property=\"article:publisher\" content=\"https:\/\/www.facebook.com\/CBM.TUNISIE\/?ref=page_internal\" \/>\n<meta property=\"article:modified_time\" content=\"2025-06-17T07:38:35+00:00\" \/>\n<meta property=\"og:image\" content=\"https:\/\/mobili.cbmtunisie.com.tn\/wp-content\/uploads\/2025\/06\/Design-sans-titre-79-min.png\" \/>\n\t<meta property=\"og:image:width\" content=\"1000\" \/>\n\t<meta property=\"og:image:height\" content=\"1000\" \/>\n\t<meta property=\"og:image:type\" content=\"image\/png\" \/>\n<meta name=\"twitter:card\" content=\"summary_large_image\" \/>\n<meta name=\"twitter:label1\" content=\"Est. reading time\" \/>\n\t<meta name=\"twitter:data1\" content=\"1 minute\" \/>\n<script type=\"application\/ld+json\" class=\"yoast-schema-graph\">{\"@context\":\"https:\/\/schema.org\",\"@graph\":[{\"@type\":\"WebPage\",\"@id\":\"https:\/\/mobili.cbmtunisie.com.tn\/en\/product\/pack-marsella-sand-table-4-play-sand-armchairs\/\",\"url\":\"https:\/\/mobili.cbmtunisie.com.tn\/en\/product\/pack-marsella-sand-table-4-play-sand-armchairs\/\",\"name\":\"PACK: MARSELLA SAND TABLE + 4 PLAY SAND ARMCHAIRS | Maison CBM\",\"isPartOf\":{\"@id\":\"https:\/\/mobili.cbmtunisie.com.tn\/#website\"},\"primaryImageOfPage\":{\"@id\":\"https:\/\/mobili.cbmtunisie.com.tn\/en\/product\/pack-marsella-sand-table-4-play-sand-armchairs\/#primaryimage\"},\"image\":{\"@id\":\"https:\/\/mobili.cbmtunisie.com.tn\/en\/product\/pack-marsella-sand-table-4-play-sand-armchairs\/#primaryimage\"},\"thumbnailUrl\":\"https:\/\/mobili.cbmtunisie.com.tn\/wp-content\/uploads\/2025\/06\/Design-sans-titre-79-min.png\",\"datePublished\":\"2025-06-14T11:05:01+00:00\",\"dateModified\":\"2025-06-17T07:38:35+00:00\",\"description\":\"New arrival at Maison CBM! Discover the elegantly designed Marsella table, perfect for enhancing your home, paired with the Play chair, which combines comfort and modernity. MARSELLA table (04579): Screwed polypropylene legs with fiberglass. Injected polypropylene tabletop. Color: Sand. UV protected. Dimensions: 70 x 70 cm. Height: 74 cm. PLAY armchair (04901): Color: Sand. Injected with polypropylene. Stackable. UV protected. Dimensions: 57 x 54 cm. Height: 78.6 cm.\",\"breadcrumb\":{\"@id\":\"https:\/\/mobili.cbmtunisie.com.tn\/en\/product\/pack-marsella-sand-table-4-play-sand-armchairs\/#breadcrumb\"},\"inLanguage\":\"en-US\",\"potentialAction\":[{\"@type\":\"ReadAction\",\"target\":[\"https:\/\/mobili.cbmtunisie.com.tn\/en\/product\/pack-marsella-sand-table-4-play-sand-armchairs\/\"]}]},{\"@type\":\"ImageObject\",\"inLanguage\":\"en-US\",\"@id\":\"https:\/\/mobili.cbmtunisie.com.tn\/en\/product\/pack-marsella-sand-table-4-play-sand-armchairs\/#primaryimage\",\"url\":\"https:\/\/mobili.cbmtunisie.com.tn\/wp-content\/uploads\/2025\/06\/Design-sans-titre-79-min.png\",\"contentUrl\":\"https:\/\/mobili.cbmtunisie.com.tn\/wp-content\/uploads\/2025\/06\/Design-sans-titre-79-min.png\",\"width\":1000,\"height\":1000},{\"@type\":\"BreadcrumbList\",\"@id\":\"https:\/\/mobili.cbmtunisie.com.tn\/en\/product\/pack-marsella-sand-table-4-play-sand-armchairs\/#breadcrumb\",\"itemListElement\":[{\"@type\":\"ListItem\",\"position\":1,\"name\":\"Accueil\",\"item\":\"https:\/\/mobili.cbmtunisie.com.tn\/en\/\"},{\"@type\":\"ListItem\",\"position\":2,\"name\":\"Nos produits\",\"item\":\"https:\/\/mobili.cbmtunisie.com.tn\/shop\/\"},{\"@type\":\"ListItem\",\"position\":3,\"name\":\"PACK: MARSELLA SAND TABLE + 4 PLAY SAND ARMCHAIRS\"}]},{\"@type\":\"WebSite\",\"@id\":\"https:\/\/mobili.cbmtunisie.com.tn\/#website\",\"url\":\"https:\/\/mobili.cbmtunisie.com.tn\/\",\"name\":\"Maison CBM\",\"description\":\"Le partenaire de vos ext\u00e9rieurs \u00e9l\u00e9gants !\",\"publisher\":{\"@id\":\"https:\/\/mobili.cbmtunisie.com.tn\/#organization\"},\"potentialAction\":[{\"@type\":\"SearchAction\",\"target\":{\"@type\":\"EntryPoint\",\"urlTemplate\":\"https:\/\/mobili.cbmtunisie.com.tn\/?s={search_term_string}\"},\"query-input\":{\"@type\":\"PropertyValueSpecification\",\"valueRequired\":true,\"valueName\":\"search_term_string\"}}],\"inLanguage\":\"en-US\"},{\"@type\":\"Organization\",\"@id\":\"https:\/\/mobili.cbmtunisie.com.tn\/#organization\",\"name\":\"Maison CBM\",\"url\":\"https:\/\/mobili.cbmtunisie.com.tn\/\",\"logo\":{\"@type\":\"ImageObject\",\"inLanguage\":\"en-US\",\"@id\":\"https:\/\/mobili.cbmtunisie.com.tn\/#\/schema\/logo\/image\/\",\"url\":\"https:\/\/mobili.cbmtunisie.com.tn\/wp-content\/uploads\/2024\/06\/cropped-logo-maison.png\",\"contentUrl\":\"https:\/\/mobili.cbmtunisie.com.tn\/wp-content\/uploads\/2024\/06\/cropped-logo-maison.png\",\"width\":510,\"height\":343,\"caption\":\"Maison CBM\"},\"image\":{\"@id\":\"https:\/\/mobili.cbmtunisie.com.tn\/#\/schema\/logo\/image\/\"},\"sameAs\":[\"https:\/\/www.facebook.com\/CBM.TUNISIE\/?ref=page_internal\",\"https:\/\/www.instagram.com\/cbm.tunisie\/\",\"https:\/\/www.youtube.com\/channel\/UC-OkHNZsdbVJWr4A7_DCoOg\"]}]}<\/script>\n<!-- \/ Yoast SEO plugin. -->","yoast_head_json":{"title":"PACK: MARSELLA SAND TABLE + 4 PLAY SAND ARMCHAIRS | Maison CBM","description":"New arrival at Maison CBM! Discover the elegantly designed Marsella table, perfect for enhancing your home, paired with the Play chair, which combines comfort and modernity. MARSELLA table (04579): Screwed polypropylene legs with fiberglass. Injected polypropylene tabletop. Color: Sand. UV protected. Dimensions: 70 x 70 cm. Height: 74 cm.  PLAY armchair (04901): Color: Sand. Injected with polypropylene. Stackable. UV protected. Dimensions: 57 x 54 cm. Height: 78.6 cm.","robots":{"index":"index","follow":"follow","max-snippet":"max-snippet:-1","max-image-preview":"max-image-preview:large","max-video-preview":"max-video-preview:-1"},"canonical":"https:\/\/mobili.cbmtunisie.com.tn\/en\/product\/pack-marsella-sand-table-4-play-sand-armchairs\/","og_locale":"en_US","og_type":"article","og_title":"PACK: MARSELLA SAND TABLE + 4 PLAY SAND ARMCHAIRS | Maison CBM","og_description":"New arrival at Maison CBM! Discover the elegantly designed Marsella table, perfect for enhancing your home, paired with the Play chair, which combines comfort and modernity. MARSELLA table (04579): Screwed polypropylene legs with fiberglass. Injected polypropylene tabletop. Color: Sand. UV protected. Dimensions: 70 x 70 cm. Height: 74 cm.  PLAY armchair (04901): Color: Sand. Injected with polypropylene. Stackable. UV protected. Dimensions: 57 x 54 cm. Height: 78.6 cm.","og_url":"https:\/\/mobili.cbmtunisie.com.tn\/en\/product\/pack-marsella-sand-table-4-play-sand-armchairs\/","og_site_name":"Maison CBM","article_publisher":"https:\/\/www.facebook.com\/CBM.TUNISIE\/?ref=page_internal","article_modified_time":"2025-06-17T07:38:35+00:00","og_image":[{"width":1000,"height":1000,"url":"https:\/\/mobili.cbmtunisie.com.tn\/wp-content\/uploads\/2025\/06\/Design-sans-titre-79-min.png","type":"image\/png"}],"twitter_card":"summary_large_image","twitter_misc":{"Est. reading time":"1 minute"},"schema":{"@context":"https:\/\/schema.org","@graph":[{"@type":"WebPage","@id":"https:\/\/mobili.cbmtunisie.com.tn\/en\/product\/pack-marsella-sand-table-4-play-sand-armchairs\/","url":"https:\/\/mobili.cbmtunisie.com.tn\/en\/product\/pack-marsella-sand-table-4-play-sand-armchairs\/","name":"PACK: MARSELLA SAND TABLE + 4 PLAY SAND ARMCHAIRS | Maison CBM","isPartOf":{"@id":"https:\/\/mobili.cbmtunisie.com.tn\/#website"},"primaryImageOfPage":{"@id":"https:\/\/mobili.cbmtunisie.com.tn\/en\/product\/pack-marsella-sand-table-4-play-sand-armchairs\/#primaryimage"},"image":{"@id":"https:\/\/mobili.cbmtunisie.com.tn\/en\/product\/pack-marsella-sand-table-4-play-sand-armchairs\/#primaryimage"},"thumbnailUrl":"https:\/\/mobili.cbmtunisie.com.tn\/wp-content\/uploads\/2025\/06\/Design-sans-titre-79-min.png","datePublished":"2025-06-14T11:05:01+00:00","dateModified":"2025-06-17T07:38:35+00:00","description":"New arrival at Maison CBM! Discover the elegantly designed Marsella table, perfect for enhancing your home, paired with the Play chair, which combines comfort and modernity. MARSELLA table (04579): Screwed polypropylene legs with fiberglass. Injected polypropylene tabletop. Color: Sand. UV protected. Dimensions: 70 x 70 cm. Height: 74 cm. PLAY armchair (04901): Color: Sand. Injected with polypropylene. Stackable. UV protected. Dimensions: 57 x 54 cm. Height: 78.6 cm.","breadcrumb":{"@id":"https:\/\/mobili.cbmtunisie.com.tn\/en\/product\/pack-marsella-sand-table-4-play-sand-armchairs\/#breadcrumb"},"inLanguage":"en-US","potentialAction":[{"@type":"ReadAction","target":["https:\/\/mobili.cbmtunisie.com.tn\/en\/product\/pack-marsella-sand-table-4-play-sand-armchairs\/"]}]},{"@type":"ImageObject","inLanguage":"en-US","@id":"https:\/\/mobili.cbmtunisie.com.tn\/en\/product\/pack-marsella-sand-table-4-play-sand-armchairs\/#primaryimage","url":"https:\/\/mobili.cbmtunisie.com.tn\/wp-content\/uploads\/2025\/06\/Design-sans-titre-79-min.png","contentUrl":"https:\/\/mobili.cbmtunisie.com.tn\/wp-content\/uploads\/2025\/06\/Design-sans-titre-79-min.png","width":1000,"height":1000},{"@type":"BreadcrumbList","@id":"https:\/\/mobili.cbmtunisie.com.tn\/en\/product\/pack-marsella-sand-table-4-play-sand-armchairs\/#breadcrumb","itemListElement":[{"@type":"ListItem","position":1,"name":"Accueil","item":"https:\/\/mobili.cbmtunisie.com.tn\/en\/"},{"@type":"ListItem","position":2,"name":"Nos produits","item":"https:\/\/mobili.cbmtunisie.com.tn\/shop\/"},{"@type":"ListItem","position":3,"name":"PACK: MARSELLA SAND TABLE + 4 PLAY SAND ARMCHAIRS"}]},{"@type":"WebSite","@id":"https:\/\/mobili.cbmtunisie.com.tn\/#website","url":"https:\/\/mobili.cbmtunisie.com.tn\/","name":"Maison CBM","description":"Le partenaire de vos ext\u00e9rieurs \u00e9l\u00e9gants !","publisher":{"@id":"https:\/\/mobili.cbmtunisie.com.tn\/#organization"},"potentialAction":[{"@type":"SearchAction","target":{"@type":"EntryPoint","urlTemplate":"https:\/\/mobili.cbmtunisie.com.tn\/?s={search_term_string}"},"query-input":{"@type":"PropertyValueSpecification","valueRequired":true,"valueName":"search_term_string"}}],"inLanguage":"en-US"},{"@type":"Organization","@id":"https:\/\/mobili.cbmtunisie.com.tn\/#organization","name":"Maison CBM","url":"https:\/\/mobili.cbmtunisie.com.tn\/","logo":{"@type":"ImageObject","inLanguage":"en-US","@id":"https:\/\/mobili.cbmtunisie.com.tn\/#\/schema\/logo\/image\/","url":"https:\/\/mobili.cbmtunisie.com.tn\/wp-content\/uploads\/2024\/06\/cropped-logo-maison.png","contentUrl":"https:\/\/mobili.cbmtunisie.com.tn\/wp-content\/uploads\/2024\/06\/cropped-logo-maison.png","width":510,"height":343,"caption":"Maison CBM"},"image":{"@id":"https:\/\/mobili.cbmtunisie.com.tn\/#\/schema\/logo\/image\/"},"sameAs":["https:\/\/www.facebook.com\/CBM.TUNISIE\/?ref=page_internal","https:\/\/www.instagram.com\/cbm.tunisie\/","https:\/\/www.youtube.com\/channel\/UC-OkHNZsdbVJWr4A7_DCoOg"]}]}},"_links":{"self":[{"href":"https:\/\/mobili.cbmtunisie.com.tn\/en\/wp-json\/wp\/v2\/product\/61707","targetHints":{"allow":["GET"]}}],"collection":[{"href":"https:\/\/mobili.cbmtunisie.com.tn\/en\/wp-json\/wp\/v2\/product"}],"about":[{"href":"https:\/\/mobili.cbmtunisie.com.tn\/en\/wp-json\/wp\/v2\/types\/product"}],"wp:featuredmedia":[{"embeddable":true,"href":"https:\/\/mobili.cbmtunisie.com.tn\/en\/wp-json\/wp\/v2\/media\/61708"}],"wp:attachment":[{"href":"https:\/\/mobili.cbmtunisie.com.tn\/en\/wp-json\/wp\/v2\/media?parent=61707"}],"wp:term":[{"taxonomy":"product_cat","embeddable":true,"href":"https:\/\/mobili.cbmtunisie.com.tn\/en\/wp-json\/wp\/v2\/product_cat?post=61707"},{"taxonomy":"product_tag","embeddable":true,"href":"https:\/\/mobili.cbmtunisie.com.tn\/en\/wp-json\/wp\/v2\/product_tag?post=61707"}],"curies":[{"name":"wp","href":"https:\/\/api.w.org\/{rel}","templated":true}]}}