{"id":61729,"date":"2025-06-14T13:59:30","date_gmt":"2025-06-14T11:59:30","guid":{"rendered":"https:\/\/mobili.cbmtunisie.com.tn\/?post_type=product&#038;p=61729"},"modified":"2025-06-14T13:59:31","modified_gmt":"2025-06-14T11:59:31","slug":"pack-monaco-volcanic-grey-table-4-baku-volcanic-grey-armchairs","status":"publish","type":"product","link":"https:\/\/mobili.cbmtunisie.com.tn\/en\/product\/pack-monaco-volcanic-grey-table-4-baku-volcanic-grey-armchairs\/","title":{"rendered":"PACK: MONACO VOLCANIC GREY TABLE + 4 BAKU VOLCANIC GREY ARMCHAIRS"},"content":{"rendered":"","protected":false},"excerpt":{"rendered":"<p id=\"tw-target-text\" class=\"tw-data-text tw-text-large tw-ta\" dir=\"ltr\" data-placeholder=\"Traduction\" data-ved=\"2ahUKEwiczYL0rOuNAxW_QkEAHd_XAUcQ3ewLegQICRAV\" aria-label=\"Texte traduit\u00a0: Elegance and modernity for your outdoor space \u2013 Monaco table and Baku chair set\nBring a contemporary touch to your patio or garden with the Monaco table and Baku chair set.\n\n\ud83d\udca5 Sold together or separately.\n\u2600\ufe0f Durable, elegant, and easy to use.\n\ud83e\ude91 Sleek design, guaranteed comfort.\n\nMONACO table (06196):\nOne-piece side table.\nMade of polypropylene.\nUV protected.\nStackable.\nColor: volcanic gray.\nDimensions: 50x50 cm, Height: 45 cm.\n\nBAKU chair (06174):\nSturdy and stable armchair.\nMade of fiberglass-injected polypropylene.\nStackable.\nIntegrated drainage hole.\nUV protected.\nColor: volcanic gray.\nDimensions: 57 x 58 cm, Height: 80 cm.\"><span class=\"Y2IQFc\" lang=\"en\">Elegance and modernity for your outdoor space \u2013 Monaco table and Baku chair set Bring a contemporary touch to your patio or garden with the Monaco table and Baku chair set.<br \/>\n\ud83d\udca5 Sold together or separately.<br \/>\n\u2600\ufe0f Durable, elegant, and easy to use.<br \/>\n\ud83e\ude91 Sleek design, guaranteed comfort.<\/p>\n<p>MONACO table (06196):<br \/>\nOne-piece side table.<br \/>\nMade of polypropylene.<br \/>\nUV protected.<br \/>\nStackable.<br \/>\nColor: volcanic gray.<br \/>\nDimensions: 50&#215;50 cm, Height: 45 cm.<\/p>\n<p>BAKU chair (06174):<br \/>\nSturdy and stable armchair.<br \/>\nMade of fiberglass-injected polypropylene.<br \/>\nStackable.<br \/>\nIntegrated drainage hole.<br \/>\nUV protected.<br \/>\nColor: volcanic gray.<br \/>\nDimensions: 57 x 58 cm, Height: 80 cm.<\/span><\/p>\n","protected":false},"featured_media":61730,"template":"","meta":[],"product_cat":[274],"product_tag":[],"class_list":{"0":"post-61729","1":"product","2":"type-product","3":"status-publish","4":"has-post-thumbnail","6":"product_cat-our-promotions","8":"first","9":"instock","10":"shipping-taxable","11":"product-type-simple","12":"add-to-wishlist-before_image"},"yoast_head":"<!-- This site is optimized with the Yoast SEO plugin v24.5 - https:\/\/yoast.com\/wordpress\/plugins\/seo\/ -->\n<title>PACK: MONACO VOLCANIC GREY TABLE + 4 BAKU VOLCANIC GREY ARMCHAIRS | Maison CBM<\/title>\n<meta name=\"description\" content=\"Elegance and modernity for your outdoor space \u2013 Monaco table and Baku chair set Bring a contemporary touch to your patio or garden with the Monaco table and Baku chair set. \ud83d\udca5 Sold together or separately. \u2600\ufe0f Durable, elegant, and easy to use. \ud83e\ude91 Sleek design, guaranteed comfort.  MONACO table (06196): One-piece side table. Made of polypropylene. UV protected. Stackable. Color: volcanic gray. Dimensions: 50x50 cm, Height: 45 cm.  BAKU chair (06174): Sturdy and stable armchair. Made of fiberglass-injected polypropylene. Stackable. Integrated drainage hole. UV protected. Color: volcanic gray. Dimensions: 57 x 58 cm, Height: 80 cm.\" \/>\n<meta name=\"robots\" content=\"index, follow, max-snippet:-1, max-image-preview:large, max-video-preview:-1\" \/>\n<link rel=\"canonical\" href=\"https:\/\/mobili.cbmtunisie.com.tn\/en\/product\/pack-monaco-volcanic-grey-table-4-baku-volcanic-grey-armchairs\/\" \/>\n<meta property=\"og:locale\" content=\"en_US\" \/>\n<meta property=\"og:type\" content=\"article\" \/>\n<meta property=\"og:title\" content=\"PACK: MONACO VOLCANIC GREY TABLE + 4 BAKU VOLCANIC GREY ARMCHAIRS | Maison CBM\" \/>\n<meta property=\"og:description\" content=\"Elegance and modernity for your outdoor space \u2013 Monaco table and Baku chair set Bring a contemporary touch to your patio or garden with the Monaco table and Baku chair set. \ud83d\udca5 Sold together or separately. \u2600\ufe0f Durable, elegant, and easy to use. \ud83e\ude91 Sleek design, guaranteed comfort.  MONACO table (06196): One-piece side table. Made of polypropylene. UV protected. Stackable. Color: volcanic gray. Dimensions: 50x50 cm, Height: 45 cm.  BAKU chair (06174): Sturdy and stable armchair. Made of fiberglass-injected polypropylene. Stackable. Integrated drainage hole. UV protected. Color: volcanic gray. Dimensions: 57 x 58 cm, Height: 80 cm.\" \/>\n<meta property=\"og:url\" content=\"https:\/\/mobili.cbmtunisie.com.tn\/en\/product\/pack-monaco-volcanic-grey-table-4-baku-volcanic-grey-armchairs\/\" \/>\n<meta property=\"og:site_name\" content=\"Maison CBM\" \/>\n<meta property=\"article:publisher\" content=\"https:\/\/www.facebook.com\/CBM.TUNISIE\/?ref=page_internal\" \/>\n<meta property=\"article:modified_time\" content=\"2025-06-14T11:59:31+00:00\" \/>\n<meta property=\"og:image\" content=\"https:\/\/mobili.cbmtunisie.com.tn\/wp-content\/uploads\/2025\/06\/Design-sans-titre-86-min.png\" \/>\n\t<meta property=\"og:image:width\" content=\"1000\" \/>\n\t<meta property=\"og:image:height\" content=\"1000\" \/>\n\t<meta property=\"og:image:type\" content=\"image\/png\" \/>\n<meta name=\"twitter:card\" content=\"summary_large_image\" \/>\n<meta name=\"twitter:label1\" content=\"Est. reading time\" \/>\n\t<meta name=\"twitter:data1\" content=\"1 minute\" \/>\n<script type=\"application\/ld+json\" class=\"yoast-schema-graph\">{\"@context\":\"https:\/\/schema.org\",\"@graph\":[{\"@type\":\"WebPage\",\"@id\":\"https:\/\/mobili.cbmtunisie.com.tn\/en\/product\/pack-monaco-volcanic-grey-table-4-baku-volcanic-grey-armchairs\/\",\"url\":\"https:\/\/mobili.cbmtunisie.com.tn\/en\/product\/pack-monaco-volcanic-grey-table-4-baku-volcanic-grey-armchairs\/\",\"name\":\"PACK: MONACO VOLCANIC GREY TABLE + 4 BAKU VOLCANIC GREY ARMCHAIRS | Maison CBM\",\"isPartOf\":{\"@id\":\"https:\/\/mobili.cbmtunisie.com.tn\/#website\"},\"primaryImageOfPage\":{\"@id\":\"https:\/\/mobili.cbmtunisie.com.tn\/en\/product\/pack-monaco-volcanic-grey-table-4-baku-volcanic-grey-armchairs\/#primaryimage\"},\"image\":{\"@id\":\"https:\/\/mobili.cbmtunisie.com.tn\/en\/product\/pack-monaco-volcanic-grey-table-4-baku-volcanic-grey-armchairs\/#primaryimage\"},\"thumbnailUrl\":\"https:\/\/mobili.cbmtunisie.com.tn\/wp-content\/uploads\/2025\/06\/Design-sans-titre-86-min.png\",\"datePublished\":\"2025-06-14T11:59:30+00:00\",\"dateModified\":\"2025-06-14T11:59:31+00:00\",\"description\":\"Elegance and modernity for your outdoor space \u2013 Monaco table and Baku chair set Bring a contemporary touch to your patio or garden with the Monaco table and Baku chair set. \ud83d\udca5 Sold together or separately. \u2600\ufe0f Durable, elegant, and easy to use. \ud83e\ude91 Sleek design, guaranteed comfort. MONACO table (06196): One-piece side table. Made of polypropylene. UV protected. Stackable. Color: volcanic gray. Dimensions: 50x50 cm, Height: 45 cm. BAKU chair (06174): Sturdy and stable armchair. Made of fiberglass-injected polypropylene. Stackable. Integrated drainage hole. UV protected. Color: volcanic gray. Dimensions: 57 x 58 cm, Height: 80 cm.\",\"breadcrumb\":{\"@id\":\"https:\/\/mobili.cbmtunisie.com.tn\/en\/product\/pack-monaco-volcanic-grey-table-4-baku-volcanic-grey-armchairs\/#breadcrumb\"},\"inLanguage\":\"en-US\",\"potentialAction\":[{\"@type\":\"ReadAction\",\"target\":[\"https:\/\/mobili.cbmtunisie.com.tn\/en\/product\/pack-monaco-volcanic-grey-table-4-baku-volcanic-grey-armchairs\/\"]}]},{\"@type\":\"ImageObject\",\"inLanguage\":\"en-US\",\"@id\":\"https:\/\/mobili.cbmtunisie.com.tn\/en\/product\/pack-monaco-volcanic-grey-table-4-baku-volcanic-grey-armchairs\/#primaryimage\",\"url\":\"https:\/\/mobili.cbmtunisie.com.tn\/wp-content\/uploads\/2025\/06\/Design-sans-titre-86-min.png\",\"contentUrl\":\"https:\/\/mobili.cbmtunisie.com.tn\/wp-content\/uploads\/2025\/06\/Design-sans-titre-86-min.png\",\"width\":1000,\"height\":1000},{\"@type\":\"BreadcrumbList\",\"@id\":\"https:\/\/mobili.cbmtunisie.com.tn\/en\/product\/pack-monaco-volcanic-grey-table-4-baku-volcanic-grey-armchairs\/#breadcrumb\",\"itemListElement\":[{\"@type\":\"ListItem\",\"position\":1,\"name\":\"Accueil\",\"item\":\"https:\/\/mobili.cbmtunisie.com.tn\/en\/\"},{\"@type\":\"ListItem\",\"position\":2,\"name\":\"Nos produits\",\"item\":\"https:\/\/mobili.cbmtunisie.com.tn\/shop\/\"},{\"@type\":\"ListItem\",\"position\":3,\"name\":\"PACK: MONACO VOLCANIC GREY TABLE + 4 BAKU VOLCANIC GREY ARMCHAIRS\"}]},{\"@type\":\"WebSite\",\"@id\":\"https:\/\/mobili.cbmtunisie.com.tn\/#website\",\"url\":\"https:\/\/mobili.cbmtunisie.com.tn\/\",\"name\":\"Maison CBM\",\"description\":\"Le partenaire de vos ext\u00e9rieurs \u00e9l\u00e9gants !\",\"publisher\":{\"@id\":\"https:\/\/mobili.cbmtunisie.com.tn\/#organization\"},\"potentialAction\":[{\"@type\":\"SearchAction\",\"target\":{\"@type\":\"EntryPoint\",\"urlTemplate\":\"https:\/\/mobili.cbmtunisie.com.tn\/?s={search_term_string}\"},\"query-input\":{\"@type\":\"PropertyValueSpecification\",\"valueRequired\":true,\"valueName\":\"search_term_string\"}}],\"inLanguage\":\"en-US\"},{\"@type\":\"Organization\",\"@id\":\"https:\/\/mobili.cbmtunisie.com.tn\/#organization\",\"name\":\"Maison CBM\",\"url\":\"https:\/\/mobili.cbmtunisie.com.tn\/\",\"logo\":{\"@type\":\"ImageObject\",\"inLanguage\":\"en-US\",\"@id\":\"https:\/\/mobili.cbmtunisie.com.tn\/#\/schema\/logo\/image\/\",\"url\":\"https:\/\/mobili.cbmtunisie.com.tn\/wp-content\/uploads\/2024\/06\/cropped-logo-maison.png\",\"contentUrl\":\"https:\/\/mobili.cbmtunisie.com.tn\/wp-content\/uploads\/2024\/06\/cropped-logo-maison.png\",\"width\":510,\"height\":343,\"caption\":\"Maison CBM\"},\"image\":{\"@id\":\"https:\/\/mobili.cbmtunisie.com.tn\/#\/schema\/logo\/image\/\"},\"sameAs\":[\"https:\/\/www.facebook.com\/CBM.TUNISIE\/?ref=page_internal\",\"https:\/\/www.instagram.com\/cbm.tunisie\/\",\"https:\/\/www.youtube.com\/channel\/UC-OkHNZsdbVJWr4A7_DCoOg\"]}]}<\/script>\n<!-- \/ Yoast SEO plugin. -->","yoast_head_json":{"title":"PACK: MONACO VOLCANIC GREY TABLE + 4 BAKU VOLCANIC GREY ARMCHAIRS | Maison CBM","description":"Elegance and modernity for your outdoor space \u2013 Monaco table and Baku chair set Bring a contemporary touch to your patio or garden with the Monaco table and Baku chair set. \ud83d\udca5 Sold together or separately. \u2600\ufe0f Durable, elegant, and easy to use. \ud83e\ude91 Sleek design, guaranteed comfort.  MONACO table (06196): One-piece side table. Made of polypropylene. UV protected. Stackable. Color: volcanic gray. Dimensions: 50x50 cm, Height: 45 cm.  BAKU chair (06174): Sturdy and stable armchair. Made of fiberglass-injected polypropylene. Stackable. Integrated drainage hole. UV protected. Color: volcanic gray. Dimensions: 57 x 58 cm, Height: 80 cm.","robots":{"index":"index","follow":"follow","max-snippet":"max-snippet:-1","max-image-preview":"max-image-preview:large","max-video-preview":"max-video-preview:-1"},"canonical":"https:\/\/mobili.cbmtunisie.com.tn\/en\/product\/pack-monaco-volcanic-grey-table-4-baku-volcanic-grey-armchairs\/","og_locale":"en_US","og_type":"article","og_title":"PACK: MONACO VOLCANIC GREY TABLE + 4 BAKU VOLCANIC GREY ARMCHAIRS | Maison CBM","og_description":"Elegance and modernity for your outdoor space \u2013 Monaco table and Baku chair set Bring a contemporary touch to your patio or garden with the Monaco table and Baku chair set. \ud83d\udca5 Sold together or separately. \u2600\ufe0f Durable, elegant, and easy to use. \ud83e\ude91 Sleek design, guaranteed comfort.  MONACO table (06196): One-piece side table. Made of polypropylene. UV protected. Stackable. Color: volcanic gray. Dimensions: 50x50 cm, Height: 45 cm.  BAKU chair (06174): Sturdy and stable armchair. Made of fiberglass-injected polypropylene. Stackable. Integrated drainage hole. UV protected. Color: volcanic gray. Dimensions: 57 x 58 cm, Height: 80 cm.","og_url":"https:\/\/mobili.cbmtunisie.com.tn\/en\/product\/pack-monaco-volcanic-grey-table-4-baku-volcanic-grey-armchairs\/","og_site_name":"Maison CBM","article_publisher":"https:\/\/www.facebook.com\/CBM.TUNISIE\/?ref=page_internal","article_modified_time":"2025-06-14T11:59:31+00:00","og_image":[{"width":1000,"height":1000,"url":"https:\/\/mobili.cbmtunisie.com.tn\/wp-content\/uploads\/2025\/06\/Design-sans-titre-86-min.png","type":"image\/png"}],"twitter_card":"summary_large_image","twitter_misc":{"Est. reading time":"1 minute"},"schema":{"@context":"https:\/\/schema.org","@graph":[{"@type":"WebPage","@id":"https:\/\/mobili.cbmtunisie.com.tn\/en\/product\/pack-monaco-volcanic-grey-table-4-baku-volcanic-grey-armchairs\/","url":"https:\/\/mobili.cbmtunisie.com.tn\/en\/product\/pack-monaco-volcanic-grey-table-4-baku-volcanic-grey-armchairs\/","name":"PACK: MONACO VOLCANIC GREY TABLE + 4 BAKU VOLCANIC GREY ARMCHAIRS | Maison CBM","isPartOf":{"@id":"https:\/\/mobili.cbmtunisie.com.tn\/#website"},"primaryImageOfPage":{"@id":"https:\/\/mobili.cbmtunisie.com.tn\/en\/product\/pack-monaco-volcanic-grey-table-4-baku-volcanic-grey-armchairs\/#primaryimage"},"image":{"@id":"https:\/\/mobili.cbmtunisie.com.tn\/en\/product\/pack-monaco-volcanic-grey-table-4-baku-volcanic-grey-armchairs\/#primaryimage"},"thumbnailUrl":"https:\/\/mobili.cbmtunisie.com.tn\/wp-content\/uploads\/2025\/06\/Design-sans-titre-86-min.png","datePublished":"2025-06-14T11:59:30+00:00","dateModified":"2025-06-14T11:59:31+00:00","description":"Elegance and modernity for your outdoor space \u2013 Monaco table and Baku chair set Bring a contemporary touch to your patio or garden with the Monaco table and Baku chair set. \ud83d\udca5 Sold together or separately. \u2600\ufe0f Durable, elegant, and easy to use. \ud83e\ude91 Sleek design, guaranteed comfort. MONACO table (06196): One-piece side table. Made of polypropylene. UV protected. Stackable. Color: volcanic gray. Dimensions: 50x50 cm, Height: 45 cm. BAKU chair (06174): Sturdy and stable armchair. Made of fiberglass-injected polypropylene. Stackable. Integrated drainage hole. UV protected. Color: volcanic gray. Dimensions: 57 x 58 cm, Height: 80 cm.","breadcrumb":{"@id":"https:\/\/mobili.cbmtunisie.com.tn\/en\/product\/pack-monaco-volcanic-grey-table-4-baku-volcanic-grey-armchairs\/#breadcrumb"},"inLanguage":"en-US","potentialAction":[{"@type":"ReadAction","target":["https:\/\/mobili.cbmtunisie.com.tn\/en\/product\/pack-monaco-volcanic-grey-table-4-baku-volcanic-grey-armchairs\/"]}]},{"@type":"ImageObject","inLanguage":"en-US","@id":"https:\/\/mobili.cbmtunisie.com.tn\/en\/product\/pack-monaco-volcanic-grey-table-4-baku-volcanic-grey-armchairs\/#primaryimage","url":"https:\/\/mobili.cbmtunisie.com.tn\/wp-content\/uploads\/2025\/06\/Design-sans-titre-86-min.png","contentUrl":"https:\/\/mobili.cbmtunisie.com.tn\/wp-content\/uploads\/2025\/06\/Design-sans-titre-86-min.png","width":1000,"height":1000},{"@type":"BreadcrumbList","@id":"https:\/\/mobili.cbmtunisie.com.tn\/en\/product\/pack-monaco-volcanic-grey-table-4-baku-volcanic-grey-armchairs\/#breadcrumb","itemListElement":[{"@type":"ListItem","position":1,"name":"Accueil","item":"https:\/\/mobili.cbmtunisie.com.tn\/en\/"},{"@type":"ListItem","position":2,"name":"Nos produits","item":"https:\/\/mobili.cbmtunisie.com.tn\/shop\/"},{"@type":"ListItem","position":3,"name":"PACK: MONACO VOLCANIC GREY TABLE + 4 BAKU VOLCANIC GREY ARMCHAIRS"}]},{"@type":"WebSite","@id":"https:\/\/mobili.cbmtunisie.com.tn\/#website","url":"https:\/\/mobili.cbmtunisie.com.tn\/","name":"Maison CBM","description":"Le partenaire de vos ext\u00e9rieurs \u00e9l\u00e9gants !","publisher":{"@id":"https:\/\/mobili.cbmtunisie.com.tn\/#organization"},"potentialAction":[{"@type":"SearchAction","target":{"@type":"EntryPoint","urlTemplate":"https:\/\/mobili.cbmtunisie.com.tn\/?s={search_term_string}"},"query-input":{"@type":"PropertyValueSpecification","valueRequired":true,"valueName":"search_term_string"}}],"inLanguage":"en-US"},{"@type":"Organization","@id":"https:\/\/mobili.cbmtunisie.com.tn\/#organization","name":"Maison CBM","url":"https:\/\/mobili.cbmtunisie.com.tn\/","logo":{"@type":"ImageObject","inLanguage":"en-US","@id":"https:\/\/mobili.cbmtunisie.com.tn\/#\/schema\/logo\/image\/","url":"https:\/\/mobili.cbmtunisie.com.tn\/wp-content\/uploads\/2024\/06\/cropped-logo-maison.png","contentUrl":"https:\/\/mobili.cbmtunisie.com.tn\/wp-content\/uploads\/2024\/06\/cropped-logo-maison.png","width":510,"height":343,"caption":"Maison CBM"},"image":{"@id":"https:\/\/mobili.cbmtunisie.com.tn\/#\/schema\/logo\/image\/"},"sameAs":["https:\/\/www.facebook.com\/CBM.TUNISIE\/?ref=page_internal","https:\/\/www.instagram.com\/cbm.tunisie\/","https:\/\/www.youtube.com\/channel\/UC-OkHNZsdbVJWr4A7_DCoOg"]}]}},"_links":{"self":[{"href":"https:\/\/mobili.cbmtunisie.com.tn\/en\/wp-json\/wp\/v2\/product\/61729","targetHints":{"allow":["GET"]}}],"collection":[{"href":"https:\/\/mobili.cbmtunisie.com.tn\/en\/wp-json\/wp\/v2\/product"}],"about":[{"href":"https:\/\/mobili.cbmtunisie.com.tn\/en\/wp-json\/wp\/v2\/types\/product"}],"wp:featuredmedia":[{"embeddable":true,"href":"https:\/\/mobili.cbmtunisie.com.tn\/en\/wp-json\/wp\/v2\/media\/61730"}],"wp:attachment":[{"href":"https:\/\/mobili.cbmtunisie.com.tn\/en\/wp-json\/wp\/v2\/media?parent=61729"}],"wp:term":[{"taxonomy":"product_cat","embeddable":true,"href":"https:\/\/mobili.cbmtunisie.com.tn\/en\/wp-json\/wp\/v2\/product_cat?post=61729"},{"taxonomy":"product_tag","embeddable":true,"href":"https:\/\/mobili.cbmtunisie.com.tn\/en\/wp-json\/wp\/v2\/product_tag?post=61729"}],"curies":[{"name":"wp","href":"https:\/\/api.w.org\/{rel}","templated":true}]}}