{"id":61981,"date":"2025-06-18T15:50:03","date_gmt":"2025-06-18T13:50:03","guid":{"rendered":"https:\/\/mobili.cbmtunisie.com.tn\/product\/parasol-a1-300300-vert-fonce\/"},"modified":"2025-06-24T15:35:29","modified_gmt":"2025-06-24T13:35:29","slug":"dark-green-a1-parasol-3x3m","status":"publish","type":"product","link":"https:\/\/mobili.cbmtunisie.com.tn\/en\/product\/dark-green-a1-parasol-3x3m\/","title":{"rendered":"DARK GREEN A1 PARASOL 3x3M"},"content":{"rendered":"","protected":false},"excerpt":{"rendered":"<div id=\"KnM9nf\" class=\"PZPZlf\" data-attrid=\"tw-sourceArea\" data-entityname=\"Google Translate\">\n<div id=\"tw-smenu\" class=\"tw-menu\">\n<p id=\"tw-target-text\" class=\"tw-data-text tw-text-large tw-ta\" dir=\"ltr\" data-placeholder=\"Traduction\" data-ved=\"2ahUKEwiAvcisqPaNAxXvVKQEHamtLJsQ3ewLegQICRAV\" aria-label=\"Texte traduit\u00a0: 3x3 m square parasol, double pulley. White lacquered aluminium pole \u00f8 58 mm. 8 aluminium ribs 18 x 28 mm. Canvas weight 300 g\/m2. Polyester. Stand not included.\"><span class=\"Y2IQFc\" lang=\"en\">3&#215;3 m square parasol, double pulley.<br \/>\nWhite lacquered aluminium pole \u00f8 58 mm.<br \/>\n<\/span><span class=\"Y2IQFc\" lang=\"en\">8 aluminium ribs 18 x 28 mm.<br \/>\nCanvas weight 300 g\/m2.<br \/>\nPolyester.<br \/>\nStand not included.<\/span><\/p>\n<\/div>\n<\/div>\n","protected":false},"featured_media":62007,"template":"","meta":[],"product_cat":[254],"product_tag":[],"class_list":{"0":"post-61981","1":"product","2":"type-product","3":"status-publish","4":"has-post-thumbnail","6":"product_cat-parasol-en","8":"first","9":"instock","10":"shipping-taxable","11":"product-type-simple","12":"add-to-wishlist-before_image"},"yoast_head":"<!-- This site is optimized with the Yoast SEO plugin v24.5 - https:\/\/yoast.com\/wordpress\/plugins\/seo\/ -->\n<title>DARK GREEN A1 PARASOL 3x3M | Maison CBM<\/title>\n<meta name=\"description\" content=\"3x3 m square parasol, double pulley. White lacquered aluminium pole \u00f8 58 mm. 8 aluminium ribs 18 x 28 mm. Canvas weight 300 g\/m2. Polyester. Stand not included.\" \/>\n<meta name=\"robots\" content=\"index, follow, max-snippet:-1, max-image-preview:large, max-video-preview:-1\" \/>\n<link rel=\"canonical\" href=\"https:\/\/mobili.cbmtunisie.com.tn\/en\/product\/dark-green-a1-parasol-3x3m\/\" \/>\n<meta property=\"og:locale\" content=\"en_US\" \/>\n<meta property=\"og:type\" content=\"article\" \/>\n<meta property=\"og:title\" content=\"DARK GREEN A1 PARASOL 3x3M | Maison CBM\" \/>\n<meta property=\"og:description\" content=\"3x3 m square parasol, double pulley. White lacquered aluminium pole \u00f8 58 mm. 8 aluminium ribs 18 x 28 mm. Canvas weight 300 g\/m2. Polyester. Stand not included.\" \/>\n<meta property=\"og:url\" content=\"https:\/\/mobili.cbmtunisie.com.tn\/en\/product\/dark-green-a1-parasol-3x3m\/\" \/>\n<meta property=\"og:site_name\" content=\"Maison CBM\" \/>\n<meta property=\"article:publisher\" content=\"https:\/\/www.facebook.com\/CBM.TUNISIE\/?ref=page_internal\" \/>\n<meta property=\"article:modified_time\" content=\"2025-06-24T13:35:29+00:00\" \/>\n<meta property=\"og:image\" content=\"https:\/\/mobili.cbmtunisie.com.tn\/wp-content\/uploads\/2025\/06\/Disque-de-fixation-au-sol-87-min.png\" \/>\n\t<meta property=\"og:image:width\" content=\"1000\" \/>\n\t<meta property=\"og:image:height\" content=\"1000\" \/>\n\t<meta property=\"og:image:type\" content=\"image\/png\" \/>\n<meta name=\"twitter:card\" content=\"summary_large_image\" \/>\n<meta name=\"twitter:label1\" content=\"Est. reading time\" \/>\n\t<meta name=\"twitter:data1\" content=\"1 minute\" \/>\n<script type=\"application\/ld+json\" class=\"yoast-schema-graph\">{\"@context\":\"https:\/\/schema.org\",\"@graph\":[{\"@type\":\"WebPage\",\"@id\":\"https:\/\/mobili.cbmtunisie.com.tn\/en\/product\/dark-green-a1-parasol-3x3m\/\",\"url\":\"https:\/\/mobili.cbmtunisie.com.tn\/en\/product\/dark-green-a1-parasol-3x3m\/\",\"name\":\"DARK GREEN A1 PARASOL 3x3M | Maison CBM\",\"isPartOf\":{\"@id\":\"https:\/\/mobili.cbmtunisie.com.tn\/#website\"},\"primaryImageOfPage\":{\"@id\":\"https:\/\/mobili.cbmtunisie.com.tn\/en\/product\/dark-green-a1-parasol-3x3m\/#primaryimage\"},\"image\":{\"@id\":\"https:\/\/mobili.cbmtunisie.com.tn\/en\/product\/dark-green-a1-parasol-3x3m\/#primaryimage\"},\"thumbnailUrl\":\"https:\/\/mobili.cbmtunisie.com.tn\/wp-content\/uploads\/2025\/06\/Disque-de-fixation-au-sol-87-min.png\",\"datePublished\":\"2025-06-18T13:50:03+00:00\",\"dateModified\":\"2025-06-24T13:35:29+00:00\",\"description\":\"3x3 m square parasol, double pulley. White lacquered aluminium pole \u00f8 58 mm. 8 aluminium ribs 18 x 28 mm. Canvas weight 300 g\/m2. Polyester. Stand not included.\",\"breadcrumb\":{\"@id\":\"https:\/\/mobili.cbmtunisie.com.tn\/en\/product\/dark-green-a1-parasol-3x3m\/#breadcrumb\"},\"inLanguage\":\"en-US\",\"potentialAction\":[{\"@type\":\"ReadAction\",\"target\":[\"https:\/\/mobili.cbmtunisie.com.tn\/en\/product\/dark-green-a1-parasol-3x3m\/\"]}]},{\"@type\":\"ImageObject\",\"inLanguage\":\"en-US\",\"@id\":\"https:\/\/mobili.cbmtunisie.com.tn\/en\/product\/dark-green-a1-parasol-3x3m\/#primaryimage\",\"url\":\"https:\/\/mobili.cbmtunisie.com.tn\/wp-content\/uploads\/2025\/06\/Disque-de-fixation-au-sol-87-min.png\",\"contentUrl\":\"https:\/\/mobili.cbmtunisie.com.tn\/wp-content\/uploads\/2025\/06\/Disque-de-fixation-au-sol-87-min.png\",\"width\":1000,\"height\":1000},{\"@type\":\"BreadcrumbList\",\"@id\":\"https:\/\/mobili.cbmtunisie.com.tn\/en\/product\/dark-green-a1-parasol-3x3m\/#breadcrumb\",\"itemListElement\":[{\"@type\":\"ListItem\",\"position\":1,\"name\":\"Accueil\",\"item\":\"https:\/\/mobili.cbmtunisie.com.tn\/en\/\"},{\"@type\":\"ListItem\",\"position\":2,\"name\":\"Nos produits\",\"item\":\"https:\/\/mobili.cbmtunisie.com.tn\/shop\/\"},{\"@type\":\"ListItem\",\"position\":3,\"name\":\"DARK GREEN A1 PARASOL 3x3M\"}]},{\"@type\":\"WebSite\",\"@id\":\"https:\/\/mobili.cbmtunisie.com.tn\/#website\",\"url\":\"https:\/\/mobili.cbmtunisie.com.tn\/\",\"name\":\"Maison CBM\",\"description\":\"Le partenaire de vos ext\u00e9rieurs \u00e9l\u00e9gants !\",\"publisher\":{\"@id\":\"https:\/\/mobili.cbmtunisie.com.tn\/#organization\"},\"potentialAction\":[{\"@type\":\"SearchAction\",\"target\":{\"@type\":\"EntryPoint\",\"urlTemplate\":\"https:\/\/mobili.cbmtunisie.com.tn\/?s={search_term_string}\"},\"query-input\":{\"@type\":\"PropertyValueSpecification\",\"valueRequired\":true,\"valueName\":\"search_term_string\"}}],\"inLanguage\":\"en-US\"},{\"@type\":\"Organization\",\"@id\":\"https:\/\/mobili.cbmtunisie.com.tn\/#organization\",\"name\":\"Maison CBM\",\"url\":\"https:\/\/mobili.cbmtunisie.com.tn\/\",\"logo\":{\"@type\":\"ImageObject\",\"inLanguage\":\"en-US\",\"@id\":\"https:\/\/mobili.cbmtunisie.com.tn\/#\/schema\/logo\/image\/\",\"url\":\"https:\/\/mobili.cbmtunisie.com.tn\/wp-content\/uploads\/2024\/06\/cropped-logo-maison.png\",\"contentUrl\":\"https:\/\/mobili.cbmtunisie.com.tn\/wp-content\/uploads\/2024\/06\/cropped-logo-maison.png\",\"width\":510,\"height\":343,\"caption\":\"Maison CBM\"},\"image\":{\"@id\":\"https:\/\/mobili.cbmtunisie.com.tn\/#\/schema\/logo\/image\/\"},\"sameAs\":[\"https:\/\/www.facebook.com\/CBM.TUNISIE\/?ref=page_internal\",\"https:\/\/www.instagram.com\/cbm.tunisie\/\",\"https:\/\/www.youtube.com\/channel\/UC-OkHNZsdbVJWr4A7_DCoOg\"]}]}<\/script>\n<!-- \/ Yoast SEO plugin. -->","yoast_head_json":{"title":"DARK GREEN A1 PARASOL 3x3M | Maison CBM","description":"3x3 m square parasol, double pulley. White lacquered aluminium pole \u00f8 58 mm. 8 aluminium ribs 18 x 28 mm. Canvas weight 300 g\/m2. Polyester. Stand not included.","robots":{"index":"index","follow":"follow","max-snippet":"max-snippet:-1","max-image-preview":"max-image-preview:large","max-video-preview":"max-video-preview:-1"},"canonical":"https:\/\/mobili.cbmtunisie.com.tn\/en\/product\/dark-green-a1-parasol-3x3m\/","og_locale":"en_US","og_type":"article","og_title":"DARK GREEN A1 PARASOL 3x3M | Maison CBM","og_description":"3x3 m square parasol, double pulley. White lacquered aluminium pole \u00f8 58 mm. 8 aluminium ribs 18 x 28 mm. Canvas weight 300 g\/m2. Polyester. Stand not included.","og_url":"https:\/\/mobili.cbmtunisie.com.tn\/en\/product\/dark-green-a1-parasol-3x3m\/","og_site_name":"Maison CBM","article_publisher":"https:\/\/www.facebook.com\/CBM.TUNISIE\/?ref=page_internal","article_modified_time":"2025-06-24T13:35:29+00:00","og_image":[{"width":1000,"height":1000,"url":"https:\/\/mobili.cbmtunisie.com.tn\/wp-content\/uploads\/2025\/06\/Disque-de-fixation-au-sol-87-min.png","type":"image\/png"}],"twitter_card":"summary_large_image","twitter_misc":{"Est. reading time":"1 minute"},"schema":{"@context":"https:\/\/schema.org","@graph":[{"@type":"WebPage","@id":"https:\/\/mobili.cbmtunisie.com.tn\/en\/product\/dark-green-a1-parasol-3x3m\/","url":"https:\/\/mobili.cbmtunisie.com.tn\/en\/product\/dark-green-a1-parasol-3x3m\/","name":"DARK GREEN A1 PARASOL 3x3M | Maison CBM","isPartOf":{"@id":"https:\/\/mobili.cbmtunisie.com.tn\/#website"},"primaryImageOfPage":{"@id":"https:\/\/mobili.cbmtunisie.com.tn\/en\/product\/dark-green-a1-parasol-3x3m\/#primaryimage"},"image":{"@id":"https:\/\/mobili.cbmtunisie.com.tn\/en\/product\/dark-green-a1-parasol-3x3m\/#primaryimage"},"thumbnailUrl":"https:\/\/mobili.cbmtunisie.com.tn\/wp-content\/uploads\/2025\/06\/Disque-de-fixation-au-sol-87-min.png","datePublished":"2025-06-18T13:50:03+00:00","dateModified":"2025-06-24T13:35:29+00:00","description":"3x3 m square parasol, double pulley. White lacquered aluminium pole \u00f8 58 mm. 8 aluminium ribs 18 x 28 mm. Canvas weight 300 g\/m2. Polyester. Stand not included.","breadcrumb":{"@id":"https:\/\/mobili.cbmtunisie.com.tn\/en\/product\/dark-green-a1-parasol-3x3m\/#breadcrumb"},"inLanguage":"en-US","potentialAction":[{"@type":"ReadAction","target":["https:\/\/mobili.cbmtunisie.com.tn\/en\/product\/dark-green-a1-parasol-3x3m\/"]}]},{"@type":"ImageObject","inLanguage":"en-US","@id":"https:\/\/mobili.cbmtunisie.com.tn\/en\/product\/dark-green-a1-parasol-3x3m\/#primaryimage","url":"https:\/\/mobili.cbmtunisie.com.tn\/wp-content\/uploads\/2025\/06\/Disque-de-fixation-au-sol-87-min.png","contentUrl":"https:\/\/mobili.cbmtunisie.com.tn\/wp-content\/uploads\/2025\/06\/Disque-de-fixation-au-sol-87-min.png","width":1000,"height":1000},{"@type":"BreadcrumbList","@id":"https:\/\/mobili.cbmtunisie.com.tn\/en\/product\/dark-green-a1-parasol-3x3m\/#breadcrumb","itemListElement":[{"@type":"ListItem","position":1,"name":"Accueil","item":"https:\/\/mobili.cbmtunisie.com.tn\/en\/"},{"@type":"ListItem","position":2,"name":"Nos produits","item":"https:\/\/mobili.cbmtunisie.com.tn\/shop\/"},{"@type":"ListItem","position":3,"name":"DARK GREEN A1 PARASOL 3x3M"}]},{"@type":"WebSite","@id":"https:\/\/mobili.cbmtunisie.com.tn\/#website","url":"https:\/\/mobili.cbmtunisie.com.tn\/","name":"Maison CBM","description":"Le partenaire de vos ext\u00e9rieurs \u00e9l\u00e9gants !","publisher":{"@id":"https:\/\/mobili.cbmtunisie.com.tn\/#organization"},"potentialAction":[{"@type":"SearchAction","target":{"@type":"EntryPoint","urlTemplate":"https:\/\/mobili.cbmtunisie.com.tn\/?s={search_term_string}"},"query-input":{"@type":"PropertyValueSpecification","valueRequired":true,"valueName":"search_term_string"}}],"inLanguage":"en-US"},{"@type":"Organization","@id":"https:\/\/mobili.cbmtunisie.com.tn\/#organization","name":"Maison CBM","url":"https:\/\/mobili.cbmtunisie.com.tn\/","logo":{"@type":"ImageObject","inLanguage":"en-US","@id":"https:\/\/mobili.cbmtunisie.com.tn\/#\/schema\/logo\/image\/","url":"https:\/\/mobili.cbmtunisie.com.tn\/wp-content\/uploads\/2024\/06\/cropped-logo-maison.png","contentUrl":"https:\/\/mobili.cbmtunisie.com.tn\/wp-content\/uploads\/2024\/06\/cropped-logo-maison.png","width":510,"height":343,"caption":"Maison CBM"},"image":{"@id":"https:\/\/mobili.cbmtunisie.com.tn\/#\/schema\/logo\/image\/"},"sameAs":["https:\/\/www.facebook.com\/CBM.TUNISIE\/?ref=page_internal","https:\/\/www.instagram.com\/cbm.tunisie\/","https:\/\/www.youtube.com\/channel\/UC-OkHNZsdbVJWr4A7_DCoOg"]}]}},"_links":{"self":[{"href":"https:\/\/mobili.cbmtunisie.com.tn\/en\/wp-json\/wp\/v2\/product\/61981","targetHints":{"allow":["GET"]}}],"collection":[{"href":"https:\/\/mobili.cbmtunisie.com.tn\/en\/wp-json\/wp\/v2\/product"}],"about":[{"href":"https:\/\/mobili.cbmtunisie.com.tn\/en\/wp-json\/wp\/v2\/types\/product"}],"wp:featuredmedia":[{"embeddable":true,"href":"https:\/\/mobili.cbmtunisie.com.tn\/en\/wp-json\/wp\/v2\/media\/62007"}],"wp:attachment":[{"href":"https:\/\/mobili.cbmtunisie.com.tn\/en\/wp-json\/wp\/v2\/media?parent=61981"}],"wp:term":[{"taxonomy":"product_cat","embeddable":true,"href":"https:\/\/mobili.cbmtunisie.com.tn\/en\/wp-json\/wp\/v2\/product_cat?post=61981"},{"taxonomy":"product_tag","embeddable":true,"href":"https:\/\/mobili.cbmtunisie.com.tn\/en\/wp-json\/wp\/v2\/product_tag?post=61981"}],"curies":[{"name":"wp","href":"https:\/\/api.w.org\/{rel}","templated":true}]}}